{"id":3608,"date":"2025-05-02T15:18:40","date_gmt":"2025-05-02T15:18:40","guid":{"rendered":"http:\/\/egecarsisi.nl\/?post_type=product&#038;p=3608"},"modified":"2025-11-17T23:30:01","modified_gmt":"2025-11-17T23:30:01","slug":"kekik","status":"publish","type":"product","link":"https:\/\/egecarsisi.nl\/index.php\/urun\/kekik\/","title":{"rendered":"Kekik 120gr"},"content":{"rendered":"<p>Kekik, ufac\u0131k yapraklar\u0131 canland\u0131r\u0131c\u0131 bir kokuya sahiptir ve etle yap\u0131lan t\u00fcm yemeklerin ho\u015f bir tada sahip olmas\u0131n\u0131 sa\u011flar.Keki\u011fin t\u0131bbi kullan\u0131m\u0131 M.S. birinci y\u00fczy\u0131la dayan\u0131r. Yunanl\u0131lar bu bitkiyi asabiyet i\u00e7in, Romal\u0131lar ise melankoli i\u00e7in kullan\u0131rlard\u0131. Ayn\u0131 zamanda bay\u0131lanlar\u0131 ve epilepsi n\u00f6beti ge\u00e7irenleri kekikle uyand\u0131r\u0131rlard\u0131. Orta \u00c7a\u011f Avrupas\u0131\u2019nda ve \u0130ngilteresi\u2019nde sindirim problemlerinden romatizmaya ve menstrual \u015fikayetlere kadar her \u015feyi iyile\u015ftirmek i\u00e7in kullan\u0131l\u0131rd\u0131. Kekik \u00e7ay\u0131 \u00f6ks\u00fcr\u00fc\u011fe ve gribe kar\u015f\u0131 i\u00e7ilirdi. Yak\u0131n y\u00fczy\u0131llarda sindirim problemleri ve ci\u011fer enfeksiyonlar\u0131 i\u00e7in pop\u00fcler bir ila\u00e7 olarak nam sald\u0131.* Kan bas\u0131nc\u0131n\u0131 d\u00fc\u015f\u00fcrerek, y\u00fcksek tansiyonu \u00f6nler.* Mantar enfeksiyonlar\u0131n\u0131n giderilmesinde etkilidir.* \u00dcst solunum yollar\u0131 hastal\u0131klar\u0131nda fayda sa\u011flar.* Balgam s\u00f6kt\u00fcr\u00fcc\u00fc etkiye sahiptir.* Kolon kanserine kar\u015f\u0131 koruma sa\u011flar* Egzama gibi cilt problemlerinin iyile\u015ftirilmesini sa\u011flar.* Sa\u00e7 kayb\u0131 olan deride, sa\u00e7lar\u0131n yeniden \u00e7\u0131kmas\u0131n\u0131 sa\u011flar* \u0130\u00e7eri\u011findeki zengin demir oran\u0131 sayesinde kans\u0131zl\u0131\u011f\u0131 giderir.* Gaz sanc\u0131lar\u0131n\u0131, \u015fi\u015fkinli\u011fi ve kab\u0131zl\u0131\u011f\u0131 giderir.<\/p>\n","protected":false},"excerpt":{"rendered":"<p>Kekik, ufac\u0131k yapraklar\u0131 canland\u0131r\u0131c\u0131 bir kokuya sahiptir ve etle yap\u0131lan t\u00fcm yemeklerin ho\u015f bir tada sahip olmas\u0131n\u0131 sa\u011flar.Keki\u011fin t\u0131bbi kullan\u0131m\u0131 M.S. birinci y\u00fczy\u0131la dayan\u0131r. Yunanl\u0131lar bu bitkiyi asabiyet i\u00e7in, Romal\u0131lar ise melankoli i\u00e7in kullan\u0131rlard\u0131. Ayn\u0131 zamanda bay\u0131lanlar\u0131 ve epilepsi n\u00f6beti ge\u00e7irenleri kekikle uyand\u0131r\u0131rlard\u0131. Orta \u00c7a\u011f Avrupas\u0131\u2019nda ve \u0130ngilteresi\u2019nde sindirim problemlerinden romatizmaya ve menstrual \u015fikayetlere kadar<\/p>\n<div class=\"klb-readmore button\"><a class=\"btn link\" href=\"https:\/\/egecarsisi.nl\/index.php\/urun\/kekik\/\">Read More <i class=\"klbth-icon-right-arrow\"><\/i><\/a><\/div>\n","protected":false},"featured_media":3611,"comment_status":"open","ping_status":"closed","template":"","meta":[],"product_brand":[],"product_cat":[83],"product_tag":[],"class_list":{"0":"post-3608","1":"product","2":"type-product","3":"status-publish","4":"has-post-thumbnail","6":"product_cat-baharatlar","8":"first","9":"instock","10":"shipping-taxable","11":"purchasable","12":"product-type-simple"},"_links":{"self":[{"href":"https:\/\/egecarsisi.nl\/index.php\/wp-json\/wp\/v2\/product\/3608","targetHints":{"allow":["GET"]}}],"collection":[{"href":"https:\/\/egecarsisi.nl\/index.php\/wp-json\/wp\/v2\/product"}],"about":[{"href":"https:\/\/egecarsisi.nl\/index.php\/wp-json\/wp\/v2\/types\/product"}],"replies":[{"embeddable":true,"href":"https:\/\/egecarsisi.nl\/index.php\/wp-json\/wp\/v2\/comments?post=3608"}],"version-history":[{"count":2,"href":"https:\/\/egecarsisi.nl\/index.php\/wp-json\/wp\/v2\/product\/3608\/revisions"}],"predecessor-version":[{"id":5772,"href":"https:\/\/egecarsisi.nl\/index.php\/wp-json\/wp\/v2\/product\/3608\/revisions\/5772"}],"wp:featuredmedia":[{"embeddable":true,"href":"https:\/\/egecarsisi.nl\/index.php\/wp-json\/wp\/v2\/media\/3611"}],"wp:attachment":[{"href":"https:\/\/egecarsisi.nl\/index.php\/wp-json\/wp\/v2\/media?parent=3608"}],"wp:term":[{"taxonomy":"product_brand","embeddable":true,"href":"https:\/\/egecarsisi.nl\/index.php\/wp-json\/wp\/v2\/product_brand?post=3608"},{"taxonomy":"product_cat","embeddable":true,"href":"https:\/\/egecarsisi.nl\/index.php\/wp-json\/wp\/v2\/product_cat?post=3608"},{"taxonomy":"product_tag","embeddable":true,"href":"https:\/\/egecarsisi.nl\/index.php\/wp-json\/wp\/v2\/product_tag?post=3608"}],"curies":[{"name":"wp","href":"https:\/\/api.w.org\/{rel}","templated":true}]}}