{"id":3614,"date":"2025-05-02T15:19:18","date_gmt":"2025-05-02T15:19:18","guid":{"rendered":"http:\/\/egecarsisi.nl\/?post_type=product&#038;p=3614"},"modified":"2025-11-17T23:29:28","modified_gmt":"2025-11-17T23:29:28","slug":"corekotu","status":"publish","type":"product","link":"https:\/\/egecarsisi.nl\/index.php\/urun\/corekotu\/","title":{"rendered":"\u00c7\u00f6rekotu 250gr"},"content":{"rendered":"<p>\u00c7\u00f6rek otu, tarih boyunca t\u0131bb\u0131n en g\u00f6zde bitkilerinden biri olmu\u015ftur. Pek \u00e7ok sa\u011fl\u0131k sorununa iyi gelen bu \u015fifal\u0131 bitki hala yayg\u0131n olarak kullan\u0131lmaktad\u0131r. \u00c7\u00f6rek otunun tohumundan ve ya\u011f\u0131ndan faydalan\u0131labilir. Kral Tutankamon\u2019un mezar\u0131nda bile bulunan \u00e7\u00f6rek otunun, Kleopatra taraf\u0131ndan g\u00fczellik i\u00e7in ve Hipokrat taraf\u0131ndan karaci\u011fer hastal\u0131klar\u0131 i\u00e7in kullan\u0131lm\u0131\u015ft\u0131r.* \u00d6ks\u00fcr\u00fc\u011fe iyi gelir.* \u0130drar s\u00f6kt\u00fcr\u00fcc\u00fcd\u00fcr.* Grip tedavisinde kullan\u0131labilir.* Ba\u015f a\u011fr\u0131s\u0131n\u0131 hafifletir.* Romatizmal hastal\u0131klara iyi gelir.* Adet rahats\u0131zl\u0131klar\u0131n\u0131 hafifletici etkisi vard\u0131r.* Yaralar\u0131n \u00e7abuk iyile\u015fmesini ve h\u00fccrelerin yenilenmesini h\u0131zland\u0131r\u0131r.* Kab\u0131zl\u0131\u011f\u0131 gidermeye yard\u0131mc\u0131 olur, hemoroit i\u00e7in de iyile\u015ftirici etki g\u00f6sterir.* Sa\u00e7 d\u00f6k\u00fclmesini en aza indirir ve sa\u00e7 \u00e7\u0131kar\u0131r.<\/p>\n","protected":false},"excerpt":{"rendered":"<p>\u00c7\u00f6rek otu, tarih boyunca t\u0131bb\u0131n en g\u00f6zde bitkilerinden biri olmu\u015ftur. Pek \u00e7ok sa\u011fl\u0131k sorununa iyi gelen bu \u015fifal\u0131 bitki hala yayg\u0131n olarak kullan\u0131lmaktad\u0131r. \u00c7\u00f6rek otunun tohumundan ve ya\u011f\u0131ndan faydalan\u0131labilir. Kral Tutankamon\u2019un mezar\u0131nda bile bulunan \u00e7\u00f6rek otunun, Kleopatra taraf\u0131ndan g\u00fczellik i\u00e7in ve Hipokrat taraf\u0131ndan karaci\u011fer hastal\u0131klar\u0131 i\u00e7in kullan\u0131lm\u0131\u015ft\u0131r.* \u00d6ks\u00fcr\u00fc\u011fe iyi gelir.* \u0130drar s\u00f6kt\u00fcr\u00fcc\u00fcd\u00fcr.* Grip tedavisinde kullan\u0131labilir.*<\/p>\n<div class=\"klb-readmore button\"><a class=\"btn link\" href=\"https:\/\/egecarsisi.nl\/index.php\/urun\/corekotu\/\">Read More <i class=\"klbth-icon-right-arrow\"><\/i><\/a><\/div>\n","protected":false},"featured_media":3616,"comment_status":"open","ping_status":"closed","template":"","meta":[],"product_brand":[],"product_cat":[83],"product_tag":[],"class_list":{"0":"post-3614","1":"product","2":"type-product","3":"status-publish","4":"has-post-thumbnail","6":"product_cat-baharatlar","8":"first","9":"instock","10":"shipping-taxable","11":"purchasable","12":"product-type-simple"},"_links":{"self":[{"href":"https:\/\/egecarsisi.nl\/index.php\/wp-json\/wp\/v2\/product\/3614","targetHints":{"allow":["GET"]}}],"collection":[{"href":"https:\/\/egecarsisi.nl\/index.php\/wp-json\/wp\/v2\/product"}],"about":[{"href":"https:\/\/egecarsisi.nl\/index.php\/wp-json\/wp\/v2\/types\/product"}],"replies":[{"embeddable":true,"href":"https:\/\/egecarsisi.nl\/index.php\/wp-json\/wp\/v2\/comments?post=3614"}],"version-history":[{"count":3,"href":"https:\/\/egecarsisi.nl\/index.php\/wp-json\/wp\/v2\/product\/3614\/revisions"}],"predecessor-version":[{"id":5770,"href":"https:\/\/egecarsisi.nl\/index.php\/wp-json\/wp\/v2\/product\/3614\/revisions\/5770"}],"wp:featuredmedia":[{"embeddable":true,"href":"https:\/\/egecarsisi.nl\/index.php\/wp-json\/wp\/v2\/media\/3616"}],"wp:attachment":[{"href":"https:\/\/egecarsisi.nl\/index.php\/wp-json\/wp\/v2\/media?parent=3614"}],"wp:term":[{"taxonomy":"product_brand","embeddable":true,"href":"https:\/\/egecarsisi.nl\/index.php\/wp-json\/wp\/v2\/product_brand?post=3614"},{"taxonomy":"product_cat","embeddable":true,"href":"https:\/\/egecarsisi.nl\/index.php\/wp-json\/wp\/v2\/product_cat?post=3614"},{"taxonomy":"product_tag","embeddable":true,"href":"https:\/\/egecarsisi.nl\/index.php\/wp-json\/wp\/v2\/product_tag?post=3614"}],"curies":[{"name":"wp","href":"https:\/\/api.w.org\/{rel}","templated":true}]}}