{"id":3650,"date":"2025-05-02T15:24:30","date_gmt":"2025-05-02T15:24:30","guid":{"rendered":"http:\/\/egecarsisi.nl\/?post_type=product&#038;p=3650"},"modified":"2025-11-17T23:27:32","modified_gmt":"2025-11-17T23:27:32","slug":"tatli-toz-biber","status":"publish","type":"product","link":"https:\/\/egecarsisi.nl\/index.php\/urun\/tatli-toz-biber\/","title":{"rendered":"Tatl\u0131 Toz Biber 250 Gr"},"content":{"rendered":"<p>Toz Biber k\u0131rm\u0131z\u0131 rengiyle, yemeklere konulmadan bile i\u015ftahlar\u0131m\u0131z\u0131 a\u00e7may\u0131 ba\u015far\u0131yor.<\/p>\n<p>Kimi b\u00f6lgelerde ac\u0131 sevilirken, kimi yerlerde tatl\u0131 biber tercih edilmektedir.<\/p>\n<p>Yemekleri renklendiren, kebaplar\u0131 \u015fenlendiren do\u011fal toz biber.<\/p>\n","protected":false},"excerpt":{"rendered":"<p>Toz Biber k\u0131rm\u0131z\u0131 rengiyle, yemeklere konulmadan bile i\u015ftahlar\u0131m\u0131z\u0131 a\u00e7may\u0131 ba\u015far\u0131yor. Kimi b\u00f6lgelerde ac\u0131 sevilirken, kimi yerlerde tatl\u0131 biber tercih edilmektedir. Yemekleri renklendiren, kebaplar\u0131 \u015fenlendiren do\u011fal toz biber.<\/p>\n","protected":false},"featured_media":3653,"comment_status":"open","ping_status":"closed","template":"","meta":[],"product_brand":[],"product_cat":[83],"product_tag":[],"class_list":{"0":"post-3650","1":"product","2":"type-product","3":"status-publish","4":"has-post-thumbnail","6":"product_cat-baharatlar","8":"first","9":"instock","10":"shipping-taxable","11":"purchasable","12":"product-type-simple"},"_links":{"self":[{"href":"https:\/\/egecarsisi.nl\/index.php\/wp-json\/wp\/v2\/product\/3650","targetHints":{"allow":["GET"]}}],"collection":[{"href":"https:\/\/egecarsisi.nl\/index.php\/wp-json\/wp\/v2\/product"}],"about":[{"href":"https:\/\/egecarsisi.nl\/index.php\/wp-json\/wp\/v2\/types\/product"}],"replies":[{"embeddable":true,"href":"https:\/\/egecarsisi.nl\/index.php\/wp-json\/wp\/v2\/comments?post=3650"}],"version-history":[{"count":2,"href":"https:\/\/egecarsisi.nl\/index.php\/wp-json\/wp\/v2\/product\/3650\/revisions"}],"predecessor-version":[{"id":5763,"href":"https:\/\/egecarsisi.nl\/index.php\/wp-json\/wp\/v2\/product\/3650\/revisions\/5763"}],"wp:featuredmedia":[{"embeddable":true,"href":"https:\/\/egecarsisi.nl\/index.php\/wp-json\/wp\/v2\/media\/3653"}],"wp:attachment":[{"href":"https:\/\/egecarsisi.nl\/index.php\/wp-json\/wp\/v2\/media?parent=3650"}],"wp:term":[{"taxonomy":"product_brand","embeddable":true,"href":"https:\/\/egecarsisi.nl\/index.php\/wp-json\/wp\/v2\/product_brand?post=3650"},{"taxonomy":"product_cat","embeddable":true,"href":"https:\/\/egecarsisi.nl\/index.php\/wp-json\/wp\/v2\/product_cat?post=3650"},{"taxonomy":"product_tag","embeddable":true,"href":"https:\/\/egecarsisi.nl\/index.php\/wp-json\/wp\/v2\/product_tag?post=3650"}],"curies":[{"name":"wp","href":"https:\/\/api.w.org\/{rel}","templated":true}]}}