{"id":3662,"date":"2025-05-02T15:26:17","date_gmt":"2025-05-02T15:26:17","guid":{"rendered":"http:\/\/egecarsisi.nl\/?post_type=product&#038;p=3662"},"modified":"2025-11-17T23:27:08","modified_gmt":"2025-11-17T23:27:08","slug":"cubuk-tarcin-30-gr","status":"publish","type":"product","link":"https:\/\/egecarsisi.nl\/index.php\/urun\/cubuk-tarcin-30-gr\/","title":{"rendered":"\u00c7ubuk Tar\u00e7\u0131n &#8211; 30 gr"},"content":{"rendered":"<p>Tar\u00e7\u0131n a\u011fa\u00e7lar\u0131 kabuklar\u0131ndan elde edilen bu baharat a\u011f\u0131rl\u0131kl\u0131 olarak mutfaklarda, tatl\u0131 ve tuzlu yemeklerde, at\u0131\u015ft\u0131rmal\u0131k \u00fcr\u00fcnlerde, \u00e7ay ve geleneksel yiyeceklerde ho\u015f kokulu bir \u00e7e\u015fni ve lezzet verici olarak kullan\u0131l\u0131r. \u00c7ubuk tar\u00e7\u0131n halinde kullan\u0131m\u0131 bitki \u00e7aylar\u0131 ve tatl\u0131 \u015furuplar\u0131n yap\u0131m\u0131 i\u00e7in pratik bir se\u00e7enektir.* Zengin antioksidan i\u00e7eri\u011fine sahiptir.* Tar\u00e7\u0131n\u0131n antienflamatuar \u00f6zelli\u011fi v\u00fccudunuzun enfeksiyonlarla sava\u015fmas\u0131na ve doku hasar\u0131n\u0131 onarmas\u0131na yard\u0131mc\u0131 olur.* Tar\u00e7\u0131n\u0131n HDL (iyi) kolesterol d\u00fczeylerini de artt\u0131rd\u0131\u011f\u0131 ve kan bas\u0131nc\u0131n\u0131 d\u00fc\u015f\u00fcrebildi\u011fi g\u00f6zlemlenmi\u015ftir. * Tar\u00e7\u0131n ins\u00fclin direncini \u00f6nemli \u00f6l\u00e7\u00fcde azaltabilir ve bu hormonun d\u00fczg\u00fcn \u015fekilde \u00e7al\u0131\u015fmas\u0131na yard\u0131mc\u0131 olabilir.* Tar\u00e7\u0131n\u0131n yemeklerden sonra kan dola\u015f\u0131m\u0131na giren glikoz miktar\u0131n\u0131 azaltt\u0131\u011f\u0131 g\u00f6zlenmi\u015ftir. Bu \u00f6zelli\u011fiyle tar\u00e7\u0131n, kan \u015fekeri seviyesini d\u00fc\u015f\u00fcr\u00fcr.* Tar\u00e7\u0131n bakteriyel ve mantar enfeksiyonlar\u0131yla m\u00fccadele eder.* Tar\u00e7\u0131n ya\u011f\u0131n\u0131n mantarlar\u0131n neden oldu\u011fu solunum yolu enfeksiyonlar\u0131n\u0131n \u00fczerinde etkili oldu\u011fu g\u00f6zlemlenmi\u015ftir<\/p>\n","protected":false},"excerpt":{"rendered":"<p>Tar\u00e7\u0131n a\u011fa\u00e7lar\u0131 kabuklar\u0131ndan elde edilen bu baharat a\u011f\u0131rl\u0131kl\u0131 olarak mutfaklarda, tatl\u0131 ve tuzlu yemeklerde, at\u0131\u015ft\u0131rmal\u0131k \u00fcr\u00fcnlerde, \u00e7ay ve geleneksel yiyeceklerde ho\u015f kokulu bir \u00e7e\u015fni ve lezzet verici olarak kullan\u0131l\u0131r. \u00c7ubuk tar\u00e7\u0131n halinde kullan\u0131m\u0131 bitki \u00e7aylar\u0131 ve tatl\u0131 \u015furuplar\u0131n yap\u0131m\u0131 i\u00e7in pratik bir se\u00e7enektir.* Zengin antioksidan i\u00e7eri\u011fine sahiptir.* Tar\u00e7\u0131n\u0131n antienflamatuar \u00f6zelli\u011fi v\u00fccudunuzun enfeksiyonlarla sava\u015fmas\u0131na ve doku<\/p>\n<div class=\"klb-readmore button\"><a class=\"btn link\" href=\"https:\/\/egecarsisi.nl\/index.php\/urun\/cubuk-tarcin-30-gr\/\">Read More <i class=\"klbth-icon-right-arrow\"><\/i><\/a><\/div>\n","protected":false},"featured_media":3664,"comment_status":"open","ping_status":"closed","template":"","meta":[],"product_brand":[],"product_cat":[83],"product_tag":[],"class_list":{"0":"post-3662","1":"product","2":"type-product","3":"status-publish","4":"has-post-thumbnail","6":"product_cat-baharatlar","8":"first","9":"instock","10":"shipping-taxable","11":"purchasable","12":"product-type-simple"},"_links":{"self":[{"href":"https:\/\/egecarsisi.nl\/index.php\/wp-json\/wp\/v2\/product\/3662","targetHints":{"allow":["GET"]}}],"collection":[{"href":"https:\/\/egecarsisi.nl\/index.php\/wp-json\/wp\/v2\/product"}],"about":[{"href":"https:\/\/egecarsisi.nl\/index.php\/wp-json\/wp\/v2\/types\/product"}],"replies":[{"embeddable":true,"href":"https:\/\/egecarsisi.nl\/index.php\/wp-json\/wp\/v2\/comments?post=3662"}],"version-history":[{"count":1,"href":"https:\/\/egecarsisi.nl\/index.php\/wp-json\/wp\/v2\/product\/3662\/revisions"}],"predecessor-version":[{"id":3666,"href":"https:\/\/egecarsisi.nl\/index.php\/wp-json\/wp\/v2\/product\/3662\/revisions\/3666"}],"wp:featuredmedia":[{"embeddable":true,"href":"https:\/\/egecarsisi.nl\/index.php\/wp-json\/wp\/v2\/media\/3664"}],"wp:attachment":[{"href":"https:\/\/egecarsisi.nl\/index.php\/wp-json\/wp\/v2\/media?parent=3662"}],"wp:term":[{"taxonomy":"product_brand","embeddable":true,"href":"https:\/\/egecarsisi.nl\/index.php\/wp-json\/wp\/v2\/product_brand?post=3662"},{"taxonomy":"product_cat","embeddable":true,"href":"https:\/\/egecarsisi.nl\/index.php\/wp-json\/wp\/v2\/product_cat?post=3662"},{"taxonomy":"product_tag","embeddable":true,"href":"https:\/\/egecarsisi.nl\/index.php\/wp-json\/wp\/v2\/product_tag?post=3662"}],"curies":[{"name":"wp","href":"https:\/\/api.w.org\/{rel}","templated":true}]}}