{"id":3667,"date":"2025-05-02T15:27:30","date_gmt":"2025-05-02T15:27:30","guid":{"rendered":"http:\/\/egecarsisi.nl\/?post_type=product&#038;p=3667"},"modified":"2025-11-17T23:36:28","modified_gmt":"2025-11-17T23:36:28","slug":"yeni-bahar-toz-40gr","status":"publish","type":"product","link":"https:\/\/egecarsisi.nl\/index.php\/urun\/yeni-bahar-toz-40gr\/","title":{"rendered":"Yeni Bahar (Toz) &#8211; 80gr"},"content":{"rendered":"<p>Yeni Bahar\u0131n Faydalar\u0131 :\u2013 Ya\u015fanabilecek olas\u0131 iltihaplar\u0131 azaltma konusunda destek sa\u011flar.\u2013 \u00d6nemli oranda a\u011fr\u0131 kesici bir yan\u0131 vard\u0131r.\u2013 Cildin rahatlamas\u0131n\u0131 sa\u011flar ve sa\u011fl\u0131\u011f\u0131n\u0131 korur.\u2013 Sin\u00fczit ve burun t\u0131kan\u0131kl\u0131\u011f\u0131 konusunda rahatlama verir.\u2013 Solunum sistemini korur ve daha rahat nefes alma imkan\u0131 tan\u0131r.\u2013 Kalp krizi ve fel\u00e7 riskini minimum seviyede tutar.\u2013 Pek \u00e7ok farkl\u0131 kanseri \u00f6nleyici etkisi bulunur.\u2013 Ya\u011f h\u00fccrelerinin olu\u015fumu ile m\u00fccadele eder ve kilo kayb\u0131 sa\u011flar.\u2013 Ba\u011f\u0131\u015f\u0131kl\u0131k sistemini kuvvetlendirir ve d\u0131\u015f etkenlere kar\u015f\u0131 koruma olu\u015fturur.Yenibahar ye\u015filken toplan\u0131r, g\u00fcne\u015fte kurutulur, rengi kahverengiye d\u00f6n\u00fc\u015ft\u00fc\u011f\u00fcnde kullan\u0131lmaya haz\u0131rd\u0131r.<\/p>\n","protected":false},"excerpt":{"rendered":"<p>Yeni Bahar\u0131n Faydalar\u0131 :\u2013 Ya\u015fanabilecek olas\u0131 iltihaplar\u0131 azaltma konusunda destek sa\u011flar.\u2013 \u00d6nemli oranda a\u011fr\u0131 kesici bir yan\u0131 vard\u0131r.\u2013 Cildin rahatlamas\u0131n\u0131 sa\u011flar ve sa\u011fl\u0131\u011f\u0131n\u0131 korur.\u2013 Sin\u00fczit ve burun t\u0131kan\u0131kl\u0131\u011f\u0131 konusunda rahatlama verir.\u2013 Solunum sistemini korur ve daha rahat nefes alma imkan\u0131 tan\u0131r.\u2013 Kalp krizi ve fel\u00e7 riskini minimum seviyede tutar.\u2013 Pek \u00e7ok farkl\u0131 kanseri \u00f6nleyici etkisi<\/p>\n<div class=\"klb-readmore button\"><a class=\"btn link\" href=\"https:\/\/egecarsisi.nl\/index.php\/urun\/yeni-bahar-toz-40gr\/\">Read More <i class=\"klbth-icon-right-arrow\"><\/i><\/a><\/div>\n","protected":false},"featured_media":3668,"comment_status":"open","ping_status":"closed","template":"","meta":[],"product_brand":[],"product_cat":[83],"product_tag":[],"class_list":{"0":"post-3667","1":"product","2":"type-product","3":"status-publish","4":"has-post-thumbnail","6":"product_cat-baharatlar","8":"first","9":"instock","10":"shipping-taxable","11":"purchasable","12":"product-type-simple"},"_links":{"self":[{"href":"https:\/\/egecarsisi.nl\/index.php\/wp-json\/wp\/v2\/product\/3667","targetHints":{"allow":["GET"]}}],"collection":[{"href":"https:\/\/egecarsisi.nl\/index.php\/wp-json\/wp\/v2\/product"}],"about":[{"href":"https:\/\/egecarsisi.nl\/index.php\/wp-json\/wp\/v2\/types\/product"}],"replies":[{"embeddable":true,"href":"https:\/\/egecarsisi.nl\/index.php\/wp-json\/wp\/v2\/comments?post=3667"}],"version-history":[{"count":2,"href":"https:\/\/egecarsisi.nl\/index.php\/wp-json\/wp\/v2\/product\/3667\/revisions"}],"predecessor-version":[{"id":5782,"href":"https:\/\/egecarsisi.nl\/index.php\/wp-json\/wp\/v2\/product\/3667\/revisions\/5782"}],"wp:featuredmedia":[{"embeddable":true,"href":"https:\/\/egecarsisi.nl\/index.php\/wp-json\/wp\/v2\/media\/3668"}],"wp:attachment":[{"href":"https:\/\/egecarsisi.nl\/index.php\/wp-json\/wp\/v2\/media?parent=3667"}],"wp:term":[{"taxonomy":"product_brand","embeddable":true,"href":"https:\/\/egecarsisi.nl\/index.php\/wp-json\/wp\/v2\/product_brand?post=3667"},{"taxonomy":"product_cat","embeddable":true,"href":"https:\/\/egecarsisi.nl\/index.php\/wp-json\/wp\/v2\/product_cat?post=3667"},{"taxonomy":"product_tag","embeddable":true,"href":"https:\/\/egecarsisi.nl\/index.php\/wp-json\/wp\/v2\/product_tag?post=3667"}],"curies":[{"name":"wp","href":"https:\/\/api.w.org\/{rel}","templated":true}]}}