{"id":3671,"date":"2025-05-02T15:28:22","date_gmt":"2025-05-02T15:28:22","guid":{"rendered":"http:\/\/egecarsisi.nl\/?post_type=product&#038;p=3671"},"modified":"2025-11-17T23:36:28","modified_gmt":"2025-11-17T23:36:28","slug":"kimyon","status":"publish","type":"product","link":"https:\/\/egecarsisi.nl\/index.php\/urun\/kimyon\/","title":{"rendered":"Kimyon 250gr"},"content":{"rendered":"<p>Sindirimi d\u00fczenler.<\/p>\n<p>\u2013 Ba\u011f\u0131\u015f\u0131kl\u0131\u011f\u0131 art\u0131r\u0131r.<\/p>\n<p>\u2013 Ast\u0131m ve bron\u015fite yard\u0131mc\u0131 olur.<\/p>\n<p>\u2013 Cilt bak\u0131m\u0131 i\u00e7in kullan\u0131labilir.<\/p>\n<p>\u2013 Uykusuzluk problemlerinizi giderir.<\/p>\n<p>\u2013 G\u0131da kaynakl\u0131 hastal\u0131klara kar\u015f\u0131 sava\u015f\u0131r.<\/p>\n<p>\u2013 Kolesterol\u00fc d\u00fc\u015f\u00fcr\u00fcr.<\/p>\n","protected":false},"excerpt":{"rendered":"<p>Sindirimi d\u00fczenler. \u2013 Ba\u011f\u0131\u015f\u0131kl\u0131\u011f\u0131 art\u0131r\u0131r. \u2013 Ast\u0131m ve bron\u015fite yard\u0131mc\u0131 olur. \u2013 Cilt bak\u0131m\u0131 i\u00e7in kullan\u0131labilir. \u2013 Uykusuzluk problemlerinizi giderir. \u2013 G\u0131da kaynakl\u0131 hastal\u0131klara kar\u015f\u0131 sava\u015f\u0131r. \u2013 Kolesterol\u00fc d\u00fc\u015f\u00fcr\u00fcr.<\/p>\n","protected":false},"featured_media":3673,"comment_status":"open","ping_status":"closed","template":"","meta":[],"product_brand":[],"product_cat":[83],"product_tag":[],"class_list":{"0":"post-3671","1":"product","2":"type-product","3":"status-publish","4":"has-post-thumbnail","6":"product_cat-baharatlar","8":"first","9":"instock","10":"shipping-taxable","11":"purchasable","12":"product-type-simple"},"_links":{"self":[{"href":"https:\/\/egecarsisi.nl\/index.php\/wp-json\/wp\/v2\/product\/3671","targetHints":{"allow":["GET"]}}],"collection":[{"href":"https:\/\/egecarsisi.nl\/index.php\/wp-json\/wp\/v2\/product"}],"about":[{"href":"https:\/\/egecarsisi.nl\/index.php\/wp-json\/wp\/v2\/types\/product"}],"replies":[{"embeddable":true,"href":"https:\/\/egecarsisi.nl\/index.php\/wp-json\/wp\/v2\/comments?post=3671"}],"version-history":[{"count":2,"href":"https:\/\/egecarsisi.nl\/index.php\/wp-json\/wp\/v2\/product\/3671\/revisions"}],"predecessor-version":[{"id":5781,"href":"https:\/\/egecarsisi.nl\/index.php\/wp-json\/wp\/v2\/product\/3671\/revisions\/5781"}],"wp:featuredmedia":[{"embeddable":true,"href":"https:\/\/egecarsisi.nl\/index.php\/wp-json\/wp\/v2\/media\/3673"}],"wp:attachment":[{"href":"https:\/\/egecarsisi.nl\/index.php\/wp-json\/wp\/v2\/media?parent=3671"}],"wp:term":[{"taxonomy":"product_brand","embeddable":true,"href":"https:\/\/egecarsisi.nl\/index.php\/wp-json\/wp\/v2\/product_brand?post=3671"},{"taxonomy":"product_cat","embeddable":true,"href":"https:\/\/egecarsisi.nl\/index.php\/wp-json\/wp\/v2\/product_cat?post=3671"},{"taxonomy":"product_tag","embeddable":true,"href":"https:\/\/egecarsisi.nl\/index.php\/wp-json\/wp\/v2\/product_tag?post=3671"}],"curies":[{"name":"wp","href":"https:\/\/api.w.org\/{rel}","templated":true}]}}