{"id":3680,"date":"2025-05-02T15:29:48","date_gmt":"2025-05-02T15:29:48","guid":{"rendered":"http:\/\/egecarsisi.nl\/?post_type=product&#038;p=3680"},"modified":"2026-03-28T12:10:05","modified_gmt":"2026-03-28T12:10:05","slug":"tane-karabiber","status":"publish","type":"product","link":"https:\/\/egecarsisi.nl\/index.php\/urun\/tane-karabiber\/","title":{"rendered":"Tane Karabiber 100gr"},"content":{"rendered":"<p>* Karabiber ba\u011f\u0131rsak gaz\u0131 olu\u015fumunu \u00f6nlemeye yard\u0131mc\u0131 olur ve diyete eklendi\u011finde terlemeyi ve idrara \u00e7\u0131kmay\u0131 te\u015fvik edebilir.* \u0130ltihab\u0131 azalt\u0131r. Karabiber do\u011fal bir a\u011fr\u0131 kesicidir.* Bir cilt hastal\u0131\u011f\u0131 olan vitiligo\u2019nun rahatlamas\u0131n\u0131 sa\u011flamaya yard\u0131mc\u0131 olabilir. Karabiberdeki piperin i\u00e7eri\u011findeki melanosit pigment \u00fcretmek i\u00e7in cildi uyarabilir. Piperin ayr\u0131ca, cilt kanseri riskini azalt\u0131r.* Karabiber sin\u00fczit ve burun t\u0131kan\u0131kl\u0131\u011f\u0131nda rahatlama sa\u011flar.* Karabiberdeki piperin, say\u0131s\u0131z kanser t\u00fcr\u00fcne kar\u015f\u0131 koruyucudur.* \u0130\u00e7eri\u011findeki piperin, ya\u011f h\u00fccrelerinin olu\u015fumuyla m\u00fccadele eder, kilo kayb\u0131na yard\u0131mc\u0131 olur.<\/p>\n","protected":false},"excerpt":{"rendered":"<p>* Karabiber ba\u011f\u0131rsak gaz\u0131 olu\u015fumunu \u00f6nlemeye yard\u0131mc\u0131 olur ve diyete eklendi\u011finde terlemeyi ve idrara \u00e7\u0131kmay\u0131 te\u015fvik edebilir.* \u0130ltihab\u0131 azalt\u0131r. Karabiber do\u011fal bir a\u011fr\u0131 kesicidir.* Bir cilt hastal\u0131\u011f\u0131 olan vitiligo\u2019nun rahatlamas\u0131n\u0131 sa\u011flamaya yard\u0131mc\u0131 olabilir. Karabiberdeki piperin i\u00e7eri\u011findeki melanosit pigment \u00fcretmek i\u00e7in cildi uyarabilir. Piperin ayr\u0131ca, cilt kanseri riskini azalt\u0131r.* Karabiber sin\u00fczit ve burun t\u0131kan\u0131kl\u0131\u011f\u0131nda rahatlama sa\u011flar.*<\/p>\n<div class=\"klb-readmore button\"><a class=\"btn link\" href=\"https:\/\/egecarsisi.nl\/index.php\/urun\/tane-karabiber\/\">Read More <i class=\"klbth-icon-right-arrow\"><\/i><\/a><\/div>\n","protected":false},"featured_media":3684,"comment_status":"open","ping_status":"closed","template":"","meta":[],"product_brand":[],"product_cat":[83],"product_tag":[],"class_list":{"0":"post-3680","1":"product","2":"type-product","3":"status-publish","4":"has-post-thumbnail","6":"product_cat-baharatlar","8":"first","9":"instock","10":"shipping-taxable","11":"purchasable","12":"product-type-simple"},"_links":{"self":[{"href":"https:\/\/egecarsisi.nl\/index.php\/wp-json\/wp\/v2\/product\/3680","targetHints":{"allow":["GET"]}}],"collection":[{"href":"https:\/\/egecarsisi.nl\/index.php\/wp-json\/wp\/v2\/product"}],"about":[{"href":"https:\/\/egecarsisi.nl\/index.php\/wp-json\/wp\/v2\/types\/product"}],"replies":[{"embeddable":true,"href":"https:\/\/egecarsisi.nl\/index.php\/wp-json\/wp\/v2\/comments?post=3680"}],"version-history":[{"count":4,"href":"https:\/\/egecarsisi.nl\/index.php\/wp-json\/wp\/v2\/product\/3680\/revisions"}],"predecessor-version":[{"id":6915,"href":"https:\/\/egecarsisi.nl\/index.php\/wp-json\/wp\/v2\/product\/3680\/revisions\/6915"}],"wp:featuredmedia":[{"embeddable":true,"href":"https:\/\/egecarsisi.nl\/index.php\/wp-json\/wp\/v2\/media\/3684"}],"wp:attachment":[{"href":"https:\/\/egecarsisi.nl\/index.php\/wp-json\/wp\/v2\/media?parent=3680"}],"wp:term":[{"taxonomy":"product_brand","embeddable":true,"href":"https:\/\/egecarsisi.nl\/index.php\/wp-json\/wp\/v2\/product_brand?post=3680"},{"taxonomy":"product_cat","embeddable":true,"href":"https:\/\/egecarsisi.nl\/index.php\/wp-json\/wp\/v2\/product_cat?post=3680"},{"taxonomy":"product_tag","embeddable":true,"href":"https:\/\/egecarsisi.nl\/index.php\/wp-json\/wp\/v2\/product_tag?post=3680"}],"curies":[{"name":"wp","href":"https:\/\/api.w.org\/{rel}","templated":true}]}}