{"id":3694,"date":"2025-05-02T15:31:07","date_gmt":"2025-05-02T15:31:07","guid":{"rendered":"http:\/\/egecarsisi.nl\/?post_type=product&#038;p=3694"},"modified":"2025-11-17T23:37:04","modified_gmt":"2025-11-17T23:37:04","slug":"rezene-100gr-2","status":"publish","type":"product","link":"https:\/\/egecarsisi.nl\/index.php\/urun\/rezene-100gr-2\/","title":{"rendered":"Rezene &#8211; 200gr"},"content":{"rendered":"<p>Rezene&#8230;<br \/>\nS\u00fct yapar,<br \/>\nBa\u011f\u0131\u015f\u0131kl\u0131\u011f\u0131 g\u00fc\u00e7lendirir.<\/p>\n","protected":false},"excerpt":{"rendered":"<p>Rezene&#8230; S\u00fct yapar, Ba\u011f\u0131\u015f\u0131kl\u0131\u011f\u0131 g\u00fc\u00e7lendirir.<\/p>\n","protected":false},"featured_media":0,"comment_status":"open","ping_status":"closed","template":"","meta":[],"product_brand":[],"product_cat":[83],"product_tag":[],"class_list":{"0":"post-3694","1":"product","2":"type-product","3":"status-publish","5":"product_cat-baharatlar","7":"first","8":"instock","9":"shipping-taxable","10":"purchasable","11":"product-type-simple"},"_links":{"self":[{"href":"https:\/\/egecarsisi.nl\/index.php\/wp-json\/wp\/v2\/product\/3694","targetHints":{"allow":["GET"]}}],"collection":[{"href":"https:\/\/egecarsisi.nl\/index.php\/wp-json\/wp\/v2\/product"}],"about":[{"href":"https:\/\/egecarsisi.nl\/index.php\/wp-json\/wp\/v2\/types\/product"}],"replies":[{"embeddable":true,"href":"https:\/\/egecarsisi.nl\/index.php\/wp-json\/wp\/v2\/comments?post=3694"}],"version-history":[{"count":2,"href":"https:\/\/egecarsisi.nl\/index.php\/wp-json\/wp\/v2\/product\/3694\/revisions"}],"predecessor-version":[{"id":5784,"href":"https:\/\/egecarsisi.nl\/index.php\/wp-json\/wp\/v2\/product\/3694\/revisions\/5784"}],"wp:attachment":[{"href":"https:\/\/egecarsisi.nl\/index.php\/wp-json\/wp\/v2\/media?parent=3694"}],"wp:term":[{"taxonomy":"product_brand","embeddable":true,"href":"https:\/\/egecarsisi.nl\/index.php\/wp-json\/wp\/v2\/product_brand?post=3694"},{"taxonomy":"product_cat","embeddable":true,"href":"https:\/\/egecarsisi.nl\/index.php\/wp-json\/wp\/v2\/product_cat?post=3694"},{"taxonomy":"product_tag","embeddable":true,"href":"https:\/\/egecarsisi.nl\/index.php\/wp-json\/wp\/v2\/product_tag?post=3694"}],"curies":[{"name":"wp","href":"https:\/\/api.w.org\/{rel}","templated":true}]}}