{"id":3705,"date":"2025-05-02T15:32:55","date_gmt":"2025-05-02T15:32:55","guid":{"rendered":"http:\/\/egecarsisi.nl\/?post_type=product&#038;p=3705"},"modified":"2025-11-17T23:36:28","modified_gmt":"2025-11-17T23:36:28","slug":"zerdecal","status":"publish","type":"product","link":"https:\/\/egecarsisi.nl\/index.php\/urun\/zerdecal\/","title":{"rendered":"Zerde\u00e7al 250gr"},"content":{"rendered":"<p>Zerde\u00e7al\u0131n i\u00e7erisinde yer alan kurkumin, do\u011fal bir antienflamatuvard\u0131r. Bu sayede hastal\u0131klar\u0131n iyile\u015fmesini h\u0131zland\u0131r\u0131r. Antioksidan i\u00e7eren zerde\u00e7al v\u00fccudu kalp ve damar hastal\u0131klar\u0131na, kansere ve metabolik sendromlara kar\u015f\u0131 korur. Zerde\u00e7al ayn\u0131 zamanda depresyon, Alzheimer hastal\u0131\u011f\u0131 gibi pek \u00e7ok psikiyatrik ve n\u00f6rolojik hastal\u0131\u011fa kar\u015f\u0131 da koruyucu etki sa\u011flar. \u00c7ocuklarda zek\u00e2 geli\u015fimini destekler, haf\u0131zay\u0131 ve bili\u015fsel fonksiyonlar\u0131 g\u00fc\u00e7lendirir. Kalp ve damar hastal\u0131klar\u0131na kar\u015f\u0131 korur. H\u00fccresel yap\u0131lar\u0131n g\u00fc\u00e7lendirilmesine katk\u0131da bulunarak kanserle\u015fmeyi \u00f6nler. Bu sayede t\u00fcm kanser t\u00fcrlerine kar\u015f\u0131 koruyucu etki sa\u011flar.<\/p>\n","protected":false},"excerpt":{"rendered":"<p>Zerde\u00e7al\u0131n i\u00e7erisinde yer alan kurkumin, do\u011fal bir antienflamatuvard\u0131r. Bu sayede hastal\u0131klar\u0131n iyile\u015fmesini h\u0131zland\u0131r\u0131r. Antioksidan i\u00e7eren zerde\u00e7al v\u00fccudu kalp ve damar hastal\u0131klar\u0131na, kansere ve metabolik sendromlara kar\u015f\u0131 korur. Zerde\u00e7al ayn\u0131 zamanda depresyon, Alzheimer hastal\u0131\u011f\u0131 gibi pek \u00e7ok psikiyatrik ve n\u00f6rolojik hastal\u0131\u011fa kar\u015f\u0131 da koruyucu etki sa\u011flar. \u00c7ocuklarda zek\u00e2 geli\u015fimini destekler, haf\u0131zay\u0131 ve bili\u015fsel fonksiyonlar\u0131 g\u00fc\u00e7lendirir. Kalp<\/p>\n<div class=\"klb-readmore button\"><a class=\"btn link\" href=\"https:\/\/egecarsisi.nl\/index.php\/urun\/zerdecal\/\">Read More <i class=\"klbth-icon-right-arrow\"><\/i><\/a><\/div>\n","protected":false},"featured_media":0,"comment_status":"open","ping_status":"closed","template":"","meta":[],"product_brand":[],"product_cat":[83],"product_tag":[],"class_list":{"0":"post-3705","1":"product","2":"type-product","3":"status-publish","5":"product_cat-baharatlar","7":"first","8":"instock","9":"shipping-taxable","10":"purchasable","11":"product-type-simple"},"_links":{"self":[{"href":"https:\/\/egecarsisi.nl\/index.php\/wp-json\/wp\/v2\/product\/3705","targetHints":{"allow":["GET"]}}],"collection":[{"href":"https:\/\/egecarsisi.nl\/index.php\/wp-json\/wp\/v2\/product"}],"about":[{"href":"https:\/\/egecarsisi.nl\/index.php\/wp-json\/wp\/v2\/types\/product"}],"replies":[{"embeddable":true,"href":"https:\/\/egecarsisi.nl\/index.php\/wp-json\/wp\/v2\/comments?post=3705"}],"version-history":[{"count":2,"href":"https:\/\/egecarsisi.nl\/index.php\/wp-json\/wp\/v2\/product\/3705\/revisions"}],"predecessor-version":[{"id":5783,"href":"https:\/\/egecarsisi.nl\/index.php\/wp-json\/wp\/v2\/product\/3705\/revisions\/5783"}],"wp:attachment":[{"href":"https:\/\/egecarsisi.nl\/index.php\/wp-json\/wp\/v2\/media?parent=3705"}],"wp:term":[{"taxonomy":"product_brand","embeddable":true,"href":"https:\/\/egecarsisi.nl\/index.php\/wp-json\/wp\/v2\/product_brand?post=3705"},{"taxonomy":"product_cat","embeddable":true,"href":"https:\/\/egecarsisi.nl\/index.php\/wp-json\/wp\/v2\/product_cat?post=3705"},{"taxonomy":"product_tag","embeddable":true,"href":"https:\/\/egecarsisi.nl\/index.php\/wp-json\/wp\/v2\/product_tag?post=3705"}],"curies":[{"name":"wp","href":"https:\/\/api.w.org\/{rel}","templated":true}]}}