{"id":3715,"date":"2025-05-02T15:34:37","date_gmt":"2025-05-02T15:34:37","guid":{"rendered":"http:\/\/egecarsisi.nl\/?post_type=product&#038;p=3715"},"modified":"2025-11-17T23:36:27","modified_gmt":"2025-11-17T23:36:27","slug":"karanfil-2","status":"publish","type":"product","link":"https:\/\/egecarsisi.nl\/index.php\/urun\/karanfil-2\/","title":{"rendered":"Karanfil"},"content":{"rendered":"<p>Sadece bir \u00e7ay ka\u015f\u0131\u011f\u0131 karanfile uygun miktarda manganez, lif ve C ve K vitaminleri i\u00e7erir. Manganez beyin i\u015flevini artt\u0131r\u0131rken kemiklerin olu\u015fumuna yard\u0131mc\u0131 olurken, C ve K vitaminleri ba\u011f\u0131\u015f\u0131kl\u0131\u011f\u0131 artt\u0131r\u0131r ve kan\u0131n p\u0131ht\u0131la\u015fmas\u0131n\u0131 \u00f6nler. K vitamini kemik sa\u011fl\u0131\u011f\u0131 i\u00e7in de \u00f6nemlidir.<\/p>\n","protected":false},"excerpt":{"rendered":"<p>Sadece bir \u00e7ay ka\u015f\u0131\u011f\u0131 karanfile uygun miktarda manganez, lif ve C ve K vitaminleri i\u00e7erir. Manganez beyin i\u015flevini artt\u0131r\u0131rken kemiklerin olu\u015fumuna yard\u0131mc\u0131 olurken, C ve K vitaminleri ba\u011f\u0131\u015f\u0131kl\u0131\u011f\u0131 artt\u0131r\u0131r ve kan\u0131n p\u0131ht\u0131la\u015fmas\u0131n\u0131 \u00f6nler. K vitamini kemik sa\u011fl\u0131\u011f\u0131 i\u00e7in de \u00f6nemlidir.<\/p>\n","protected":false},"featured_media":3718,"comment_status":"open","ping_status":"closed","template":"","meta":[],"product_brand":[],"product_cat":[83],"product_tag":[],"class_list":{"0":"post-3715","1":"product","2":"type-product","3":"status-publish","4":"has-post-thumbnail","6":"product_cat-baharatlar","8":"first","9":"instock","10":"shipping-taxable","11":"purchasable","12":"product-type-simple"},"_links":{"self":[{"href":"https:\/\/egecarsisi.nl\/index.php\/wp-json\/wp\/v2\/product\/3715","targetHints":{"allow":["GET"]}}],"collection":[{"href":"https:\/\/egecarsisi.nl\/index.php\/wp-json\/wp\/v2\/product"}],"about":[{"href":"https:\/\/egecarsisi.nl\/index.php\/wp-json\/wp\/v2\/types\/product"}],"replies":[{"embeddable":true,"href":"https:\/\/egecarsisi.nl\/index.php\/wp-json\/wp\/v2\/comments?post=3715"}],"version-history":[{"count":1,"href":"https:\/\/egecarsisi.nl\/index.php\/wp-json\/wp\/v2\/product\/3715\/revisions"}],"predecessor-version":[{"id":3721,"href":"https:\/\/egecarsisi.nl\/index.php\/wp-json\/wp\/v2\/product\/3715\/revisions\/3721"}],"wp:featuredmedia":[{"embeddable":true,"href":"https:\/\/egecarsisi.nl\/index.php\/wp-json\/wp\/v2\/media\/3718"}],"wp:attachment":[{"href":"https:\/\/egecarsisi.nl\/index.php\/wp-json\/wp\/v2\/media?parent=3715"}],"wp:term":[{"taxonomy":"product_brand","embeddable":true,"href":"https:\/\/egecarsisi.nl\/index.php\/wp-json\/wp\/v2\/product_brand?post=3715"},{"taxonomy":"product_cat","embeddable":true,"href":"https:\/\/egecarsisi.nl\/index.php\/wp-json\/wp\/v2\/product_cat?post=3715"},{"taxonomy":"product_tag","embeddable":true,"href":"https:\/\/egecarsisi.nl\/index.php\/wp-json\/wp\/v2\/product_tag?post=3715"}],"curies":[{"name":"wp","href":"https:\/\/api.w.org\/{rel}","templated":true}]}}