{"id":3731,"date":"2025-05-02T15:36:54","date_gmt":"2025-05-02T15:36:54","guid":{"rendered":"http:\/\/egecarsisi.nl\/?post_type=product&#038;p=3731"},"modified":"2025-11-17T23:36:27","modified_gmt":"2025-11-17T23:36:27","slug":"tarcin-toz-150-gr","status":"publish","type":"product","link":"https:\/\/egecarsisi.nl\/index.php\/urun\/tarcin-toz-150-gr\/","title":{"rendered":"Tarcin &#8211; (Toz) &#8211; 150 gr"},"content":{"rendered":"<p>100% Do\u011fal ve katk\u0131s\u0131z olarak \u00fcretilmi\u015ftir.Toz tar\u00e7\u0131n baharat\u0131, farkl\u0131 \u015fekilleri olmas\u0131 bak\u0131m\u0131ndan zengin bir besin maddesidir.S\u00fctla\u00e7 \u00fczerine kullan\u0131m \u015fekli yayg\u0131n olmakla beraber bir \u00e7ok yerde kullan\u0131lmaktad\u0131r.Esansl\u0131 kokusu ve dama\u011fa b\u0131rakt\u0131\u011f\u0131 tat sayesinde vazge\u00e7ilmez baharat olmu\u015ftur<\/p>\n","protected":false},"excerpt":{"rendered":"<p>100% Do\u011fal ve katk\u0131s\u0131z olarak \u00fcretilmi\u015ftir.Toz tar\u00e7\u0131n baharat\u0131, farkl\u0131 \u015fekilleri olmas\u0131 bak\u0131m\u0131ndan zengin bir besin maddesidir.S\u00fctla\u00e7 \u00fczerine kullan\u0131m \u015fekli yayg\u0131n olmakla beraber bir \u00e7ok yerde kullan\u0131lmaktad\u0131r.Esansl\u0131 kokusu ve dama\u011fa b\u0131rakt\u0131\u011f\u0131 tat sayesinde vazge\u00e7ilmez baharat olmu\u015ftur<\/p>\n","protected":false},"featured_media":3732,"comment_status":"open","ping_status":"closed","template":"","meta":[],"product_brand":[],"product_cat":[83],"product_tag":[],"class_list":{"0":"post-3731","1":"product","2":"type-product","3":"status-publish","4":"has-post-thumbnail","6":"product_cat-baharatlar","8":"first","9":"instock","10":"shipping-taxable","11":"purchasable","12":"product-type-simple"},"_links":{"self":[{"href":"https:\/\/egecarsisi.nl\/index.php\/wp-json\/wp\/v2\/product\/3731","targetHints":{"allow":["GET"]}}],"collection":[{"href":"https:\/\/egecarsisi.nl\/index.php\/wp-json\/wp\/v2\/product"}],"about":[{"href":"https:\/\/egecarsisi.nl\/index.php\/wp-json\/wp\/v2\/types\/product"}],"replies":[{"embeddable":true,"href":"https:\/\/egecarsisi.nl\/index.php\/wp-json\/wp\/v2\/comments?post=3731"}],"version-history":[{"count":1,"href":"https:\/\/egecarsisi.nl\/index.php\/wp-json\/wp\/v2\/product\/3731\/revisions"}],"predecessor-version":[{"id":3734,"href":"https:\/\/egecarsisi.nl\/index.php\/wp-json\/wp\/v2\/product\/3731\/revisions\/3734"}],"wp:featuredmedia":[{"embeddable":true,"href":"https:\/\/egecarsisi.nl\/index.php\/wp-json\/wp\/v2\/media\/3732"}],"wp:attachment":[{"href":"https:\/\/egecarsisi.nl\/index.php\/wp-json\/wp\/v2\/media?parent=3731"}],"wp:term":[{"taxonomy":"product_brand","embeddable":true,"href":"https:\/\/egecarsisi.nl\/index.php\/wp-json\/wp\/v2\/product_brand?post=3731"},{"taxonomy":"product_cat","embeddable":true,"href":"https:\/\/egecarsisi.nl\/index.php\/wp-json\/wp\/v2\/product_cat?post=3731"},{"taxonomy":"product_tag","embeddable":true,"href":"https:\/\/egecarsisi.nl\/index.php\/wp-json\/wp\/v2\/product_tag?post=3731"}],"curies":[{"name":"wp","href":"https:\/\/api.w.org\/{rel}","templated":true}]}}