{"id":3865,"date":"2025-05-02T19:12:41","date_gmt":"2025-05-02T19:12:41","guid":{"rendered":"http:\/\/egecarsisi.nl\/?post_type=product&#038;p=3865"},"modified":"2025-11-17T23:51:35","modified_gmt":"2025-11-17T23:51:35","slug":"boz-antep-fistik-ici-400gr","status":"publish","type":"product","link":"https:\/\/egecarsisi.nl\/index.php\/urun\/boz-antep-fistik-ici-400gr\/","title":{"rendered":"Boz Antep F\u0131st\u0131k \u0130\u00e7i &#8211; 400gr"},"content":{"rendered":"<p>\u00c7i\u011f \u00fcr\u00fcnd\u00fcr, genellikle baklava \u00fcretiminde kullan\u0131l\u0131r. Ba\u015fka bir alternatifse b\u00fct\u00fcn olarak pasta i\u00e7erisinde kullan\u0131labilir.Baklava ve tatl\u0131lar\u0131n i\u00e7ine kullan\u0131l\u0131r.Enfes ve do\u011fal aromas\u0131 ile organik Boz Tane Antep F\u0131st\u0131\u011f\u0131 muhte\u015fem lezzeti ile sofralar\u0131n\u0131z \u015fenlenecektir\u2026.<\/p>\n","protected":false},"excerpt":{"rendered":"<p>\u00c7i\u011f \u00fcr\u00fcnd\u00fcr, genellikle baklava \u00fcretiminde kullan\u0131l\u0131r. Ba\u015fka bir alternatifse b\u00fct\u00fcn olarak pasta i\u00e7erisinde kullan\u0131labilir.Baklava ve tatl\u0131lar\u0131n i\u00e7ine kullan\u0131l\u0131r.Enfes ve do\u011fal aromas\u0131 ile organik Boz Tane Antep F\u0131st\u0131\u011f\u0131 muhte\u015fem lezzeti ile sofralar\u0131n\u0131z \u015fenlenecektir\u2026.<\/p>\n","protected":false},"featured_media":3866,"comment_status":"open","ping_status":"closed","template":"","meta":[],"product_brand":[],"product_cat":[101],"product_tag":[],"class_list":{"0":"post-3865","1":"product","2":"type-product","3":"status-publish","4":"has-post-thumbnail","6":"product_cat-kuruyemisler","8":"first","9":"instock","10":"shipping-taxable","11":"purchasable","12":"product-type-simple"},"_links":{"self":[{"href":"https:\/\/egecarsisi.nl\/index.php\/wp-json\/wp\/v2\/product\/3865","targetHints":{"allow":["GET"]}}],"collection":[{"href":"https:\/\/egecarsisi.nl\/index.php\/wp-json\/wp\/v2\/product"}],"about":[{"href":"https:\/\/egecarsisi.nl\/index.php\/wp-json\/wp\/v2\/types\/product"}],"replies":[{"embeddable":true,"href":"https:\/\/egecarsisi.nl\/index.php\/wp-json\/wp\/v2\/comments?post=3865"}],"version-history":[{"count":1,"href":"https:\/\/egecarsisi.nl\/index.php\/wp-json\/wp\/v2\/product\/3865\/revisions"}],"predecessor-version":[{"id":3867,"href":"https:\/\/egecarsisi.nl\/index.php\/wp-json\/wp\/v2\/product\/3865\/revisions\/3867"}],"wp:featuredmedia":[{"embeddable":true,"href":"https:\/\/egecarsisi.nl\/index.php\/wp-json\/wp\/v2\/media\/3866"}],"wp:attachment":[{"href":"https:\/\/egecarsisi.nl\/index.php\/wp-json\/wp\/v2\/media?parent=3865"}],"wp:term":[{"taxonomy":"product_brand","embeddable":true,"href":"https:\/\/egecarsisi.nl\/index.php\/wp-json\/wp\/v2\/product_brand?post=3865"},{"taxonomy":"product_cat","embeddable":true,"href":"https:\/\/egecarsisi.nl\/index.php\/wp-json\/wp\/v2\/product_cat?post=3865"},{"taxonomy":"product_tag","embeddable":true,"href":"https:\/\/egecarsisi.nl\/index.php\/wp-json\/wp\/v2\/product_tag?post=3865"}],"curies":[{"name":"wp","href":"https:\/\/api.w.org\/{rel}","templated":true}]}}