{"id":3883,"date":"2025-05-02T19:21:23","date_gmt":"2025-05-02T19:21:23","guid":{"rendered":"http:\/\/egecarsisi.nl\/?post_type=product&#038;p=3883"},"modified":"2025-11-17T23:41:07","modified_gmt":"2025-11-17T23:41:07","slug":"kabak-cekirdegi-kavrulmus-600-gr","status":"publish","type":"product","link":"https:\/\/egecarsisi.nl\/index.php\/urun\/kabak-cekirdegi-kavrulmus-600-gr\/","title":{"rendered":"Kabak \u00c7ekirde\u011fi (Kavrulmu\u015f) &#8211; 600 gr"},"content":{"rendered":"<p>Kabak \u00e7ekirde\u011fi kilo vermeye yard\u0131mc\u0131 olur. \u0130yi bir antioksidan kayna\u011f\u0131d\u0131r. \u0130\u00e7erisindeki lifler nedeniyle ba\u011f\u0131rsak hareketlerini d\u00fczenler, ayn\u0131 zamanda lif oran\u0131n\u0131n y\u00fcksek olmas\u0131 \u015feker hastal\u0131\u011f\u0131, kalp hastal\u0131\u011f\u0131, karaci\u011fer hastal\u0131klar\u0131 ve obeziteye kar\u015f\u0131 koruma sa\u011flar. Kalp sa\u011fl\u0131\u011f\u0131na iyi gelir, depresyonu engeller. Cildin gen\u00e7le\u015fmesini sa\u011flar, uzun s\u00fcreli t\u00fcketimi sa\u00e7lar\u0131n canl\u0131 ve parlak olmas\u0131na olanak verir. Demir ve \u00e7inko bak\u0131m\u0131ndan zengindir, ciltteki hasarl\u0131 h\u00fccre ve dokular\u0131 yeniler.  Zengin bir Omega-3 kayna\u011f\u0131d\u0131r. V\u00fccutta kan\u0131n d\u00fczenli akmas\u0131n\u0131 sa\u011flar ve kanseri \u00f6nler. Ba\u011f\u0131\u015f\u0131kl\u0131k sistemini g\u00fc\u00e7lendirerek so\u011fuk alg\u0131nl\u0131\u011f\u0131 gibi hastal\u0131klara kar\u015f\u0131 koruma kalkan\u0131 sa\u011flar. Melatonin ve serotonin hormonunu art\u0131r\u0131r ve bu sayede uykusuzlu\u011fu d\u00fczenler.<\/p>\n","protected":false},"excerpt":{"rendered":"<p>Kabak \u00e7ekirde\u011fi kilo vermeye yard\u0131mc\u0131 olur. \u0130yi bir antioksidan kayna\u011f\u0131d\u0131r. \u0130\u00e7erisindeki lifler nedeniyle ba\u011f\u0131rsak hareketlerini d\u00fczenler, ayn\u0131 zamanda lif oran\u0131n\u0131n y\u00fcksek olmas\u0131 \u015feker hastal\u0131\u011f\u0131, kalp hastal\u0131\u011f\u0131, karaci\u011fer hastal\u0131klar\u0131 ve obeziteye kar\u015f\u0131 koruma sa\u011flar. Kalp sa\u011fl\u0131\u011f\u0131na iyi gelir, depresyonu engeller. Cildin gen\u00e7le\u015fmesini sa\u011flar, uzun s\u00fcreli t\u00fcketimi sa\u00e7lar\u0131n canl\u0131 ve parlak olmas\u0131na olanak verir. Demir ve \u00e7inko<\/p>\n<div class=\"klb-readmore button\"><a class=\"btn link\" href=\"https:\/\/egecarsisi.nl\/index.php\/urun\/kabak-cekirdegi-kavrulmus-600-gr\/\">Read More <i class=\"klbth-icon-right-arrow\"><\/i><\/a><\/div>\n","protected":false},"featured_media":3884,"comment_status":"open","ping_status":"closed","template":"","meta":[],"product_brand":[],"product_cat":[101],"product_tag":[],"class_list":{"0":"post-3883","1":"product","2":"type-product","3":"status-publish","4":"has-post-thumbnail","6":"product_cat-kuruyemisler","8":"first","9":"instock","10":"shipping-taxable","11":"purchasable","12":"product-type-simple"},"_links":{"self":[{"href":"https:\/\/egecarsisi.nl\/index.php\/wp-json\/wp\/v2\/product\/3883","targetHints":{"allow":["GET"]}}],"collection":[{"href":"https:\/\/egecarsisi.nl\/index.php\/wp-json\/wp\/v2\/product"}],"about":[{"href":"https:\/\/egecarsisi.nl\/index.php\/wp-json\/wp\/v2\/types\/product"}],"replies":[{"embeddable":true,"href":"https:\/\/egecarsisi.nl\/index.php\/wp-json\/wp\/v2\/comments?post=3883"}],"version-history":[{"count":1,"href":"https:\/\/egecarsisi.nl\/index.php\/wp-json\/wp\/v2\/product\/3883\/revisions"}],"predecessor-version":[{"id":3885,"href":"https:\/\/egecarsisi.nl\/index.php\/wp-json\/wp\/v2\/product\/3883\/revisions\/3885"}],"wp:featuredmedia":[{"embeddable":true,"href":"https:\/\/egecarsisi.nl\/index.php\/wp-json\/wp\/v2\/media\/3884"}],"wp:attachment":[{"href":"https:\/\/egecarsisi.nl\/index.php\/wp-json\/wp\/v2\/media?parent=3883"}],"wp:term":[{"taxonomy":"product_brand","embeddable":true,"href":"https:\/\/egecarsisi.nl\/index.php\/wp-json\/wp\/v2\/product_brand?post=3883"},{"taxonomy":"product_cat","embeddable":true,"href":"https:\/\/egecarsisi.nl\/index.php\/wp-json\/wp\/v2\/product_cat?post=3883"},{"taxonomy":"product_tag","embeddable":true,"href":"https:\/\/egecarsisi.nl\/index.php\/wp-json\/wp\/v2\/product_tag?post=3883"}],"curies":[{"name":"wp","href":"https:\/\/api.w.org\/{rel}","templated":true}]}}