{"id":4161,"date":"2025-05-09T15:10:04","date_gmt":"2025-05-09T15:10:04","guid":{"rendered":"https:\/\/egecarsisi.nl\/?post_type=product&#038;p=4161"},"modified":"2025-05-12T13:44:03","modified_gmt":"2025-05-12T13:44:03","slug":"kornison-tursusu-1-kg","status":"publish","type":"product","link":"https:\/\/egecarsisi.nl\/index.php\/urun\/kornison-tursusu-1-kg\/","title":{"rendered":"KORN\u0130\u015eON TUR\u015eUSU (1 KG)"},"content":{"rendered":"","protected":false},"excerpt":{"rendered":"","protected":false},"featured_media":4901,"comment_status":"open","ping_status":"closed","template":"","meta":[],"product_brand":[],"product_cat":[99],"product_tag":[],"class_list":{"0":"post-4161","1":"product","2":"type-product","3":"status-publish","4":"has-post-thumbnail","6":"product_cat-tursular","8":"first","9":"instock","10":"shipping-taxable","11":"purchasable","12":"product-type-simple"},"_links":{"self":[{"href":"https:\/\/egecarsisi.nl\/index.php\/wp-json\/wp\/v2\/product\/4161","targetHints":{"allow":["GET"]}}],"collection":[{"href":"https:\/\/egecarsisi.nl\/index.php\/wp-json\/wp\/v2\/product"}],"about":[{"href":"https:\/\/egecarsisi.nl\/index.php\/wp-json\/wp\/v2\/types\/product"}],"replies":[{"embeddable":true,"href":"https:\/\/egecarsisi.nl\/index.php\/wp-json\/wp\/v2\/comments?post=4161"}],"version-history":[{"count":1,"href":"https:\/\/egecarsisi.nl\/index.php\/wp-json\/wp\/v2\/product\/4161\/revisions"}],"predecessor-version":[{"id":4162,"href":"https:\/\/egecarsisi.nl\/index.php\/wp-json\/wp\/v2\/product\/4161\/revisions\/4162"}],"wp:featuredmedia":[{"embeddable":true,"href":"https:\/\/egecarsisi.nl\/index.php\/wp-json\/wp\/v2\/media\/4901"}],"wp:attachment":[{"href":"https:\/\/egecarsisi.nl\/index.php\/wp-json\/wp\/v2\/media?parent=4161"}],"wp:term":[{"taxonomy":"product_brand","embeddable":true,"href":"https:\/\/egecarsisi.nl\/index.php\/wp-json\/wp\/v2\/product_brand?post=4161"},{"taxonomy":"product_cat","embeddable":true,"href":"https:\/\/egecarsisi.nl\/index.php\/wp-json\/wp\/v2\/product_cat?post=4161"},{"taxonomy":"product_tag","embeddable":true,"href":"https:\/\/egecarsisi.nl\/index.php\/wp-json\/wp\/v2\/product_tag?post=4161"}],"curies":[{"name":"wp","href":"https:\/\/api.w.org\/{rel}","templated":true}]}}