{"id":4213,"date":"2025-05-09T15:22:40","date_gmt":"2025-05-09T15:22:40","guid":{"rendered":"https:\/\/egecarsisi.nl\/?post_type=product&#038;p=4213"},"modified":"2025-05-12T14:18:59","modified_gmt":"2025-05-12T14:18:59","slug":"dis-sarimsak-tursusu-750-gr","status":"publish","type":"product","link":"https:\/\/egecarsisi.nl\/index.php\/urun\/dis-sarimsak-tursusu-750-gr\/","title":{"rendered":"D\u0130\u015e SARIMSAK TUR\u015eUSU (750 GR)"},"content":{"rendered":"","protected":false},"excerpt":{"rendered":"","protected":false},"featured_media":4985,"comment_status":"open","ping_status":"closed","template":"","meta":[],"product_brand":[],"product_cat":[99],"product_tag":[],"class_list":{"0":"post-4213","1":"product","2":"type-product","3":"status-publish","4":"has-post-thumbnail","6":"product_cat-tursular","8":"first","9":"instock","10":"shipping-taxable","11":"purchasable","12":"product-type-simple"},"_links":{"self":[{"href":"https:\/\/egecarsisi.nl\/index.php\/wp-json\/wp\/v2\/product\/4213","targetHints":{"allow":["GET"]}}],"collection":[{"href":"https:\/\/egecarsisi.nl\/index.php\/wp-json\/wp\/v2\/product"}],"about":[{"href":"https:\/\/egecarsisi.nl\/index.php\/wp-json\/wp\/v2\/types\/product"}],"replies":[{"embeddable":true,"href":"https:\/\/egecarsisi.nl\/index.php\/wp-json\/wp\/v2\/comments?post=4213"}],"version-history":[{"count":1,"href":"https:\/\/egecarsisi.nl\/index.php\/wp-json\/wp\/v2\/product\/4213\/revisions"}],"predecessor-version":[{"id":4214,"href":"https:\/\/egecarsisi.nl\/index.php\/wp-json\/wp\/v2\/product\/4213\/revisions\/4214"}],"wp:featuredmedia":[{"embeddable":true,"href":"https:\/\/egecarsisi.nl\/index.php\/wp-json\/wp\/v2\/media\/4985"}],"wp:attachment":[{"href":"https:\/\/egecarsisi.nl\/index.php\/wp-json\/wp\/v2\/media?parent=4213"}],"wp:term":[{"taxonomy":"product_brand","embeddable":true,"href":"https:\/\/egecarsisi.nl\/index.php\/wp-json\/wp\/v2\/product_brand?post=4213"},{"taxonomy":"product_cat","embeddable":true,"href":"https:\/\/egecarsisi.nl\/index.php\/wp-json\/wp\/v2\/product_cat?post=4213"},{"taxonomy":"product_tag","embeddable":true,"href":"https:\/\/egecarsisi.nl\/index.php\/wp-json\/wp\/v2\/product_tag?post=4213"}],"curies":[{"name":"wp","href":"https:\/\/api.w.org\/{rel}","templated":true}]}}