{"id":4535,"date":"2025-05-09T17:05:23","date_gmt":"2025-05-09T17:05:23","guid":{"rendered":"https:\/\/egecarsisi.nl\/?post_type=product&#038;p=4535"},"modified":"2026-03-15T10:49:18","modified_gmt":"2026-03-15T10:49:18","slug":"cilek-receli-750-gr","status":"publish","type":"product","link":"https:\/\/egecarsisi.nl\/index.php\/urun\/cilek-receli-750-gr\/","title":{"rendered":"\u00c7\u0130LEK RE\u00c7EL\u0130 (750 GR)"},"content":{"rendered":"<p data-start=\"0\" data-end=\"49\"><strong data-start=\"0\" data-end=\"47\"><span class=\"BZ_Pyq_fadeIn\">\u00c7ilek <\/span><span class=\"BZ_Pyq_fadeIn\">Re\u00e7eli \u2013 <\/span><span class=\"BZ_Pyq_fadeIn\">Taptaze <\/span><span class=\"BZ_Pyq_fadeIn\">ve <\/span><span class=\"BZ_Pyq_fadeIn\">Geleneksel <\/span><span class=\"BZ_Pyq_fadeIn\">Lezzet<\/span><\/strong><\/p>\n<p data-start=\"51\" data-end=\"263\"><span class=\"BZ_Pyq_fadeIn\">\u00c7ilek <\/span><span class=\"BZ_Pyq_fadeIn\">re\u00e7eli, <\/span><span class=\"BZ_Pyq_fadeIn\">taze <\/span><span class=\"BZ_Pyq_fadeIn\">\u00e7ileklerin <\/span><span class=\"BZ_Pyq_fadeIn\">\u00f6zenle <\/span><span class=\"BZ_Pyq_fadeIn\">se\u00e7ilerek <\/span><span class=\"BZ_Pyq_fadeIn\">do\u011fal <\/span><span class=\"BZ_Pyq_fadeIn\">pancar <\/span><span class=\"BZ_Pyq_fadeIn\">\u015fekeri <\/span><span class=\"BZ_Pyq_fadeIn\">ile <\/span><span class=\"BZ_Pyq_fadeIn\">kaynat\u0131lmas\u0131yla <\/span><span class=\"BZ_Pyq_fadeIn\">haz\u0131rlanan <\/span><span class=\"BZ_Pyq_fadeIn\">klasik <\/span><span class=\"BZ_Pyq_fadeIn\">bir <\/span><span class=\"BZ_Pyq_fadeIn\">re\u00e7el <\/span><span class=\"BZ_Pyq_fadeIn\">\u00e7e\u015fididir. <\/span><span class=\"BZ_Pyq_fadeIn\">Kendine <\/span><span class=\"BZ_Pyq_fadeIn\">\u00f6zg\u00fc <\/span><span class=\"BZ_Pyq_fadeIn\">tatl\u0131 <\/span><span class=\"BZ_Pyq_fadeIn\">ve <\/span><span class=\"BZ_Pyq_fadeIn\">aromatik <\/span><span class=\"BZ_Pyq_fadeIn\">lezzetiyle <\/span><span class=\"BZ_Pyq_fadeIn\">kahvalt\u0131 <\/span><span class=\"BZ_Pyq_fadeIn\">sofralar\u0131na <\/span><span class=\"BZ_Pyq_fadeIn\">renk <\/span><span class=\"BZ_Pyq_fadeIn\">ve <\/span><span class=\"BZ_Pyq_fadeIn\">lezzet <\/span><span class=\"BZ_Pyq_fadeIn\">katar.<\/span><\/p>\n<p data-start=\"265\" data-end=\"625\"><span class=\"BZ_Pyq_fadeIn\">Do\u011fal <\/span><span class=\"BZ_Pyq_fadeIn\">pancar <\/span><span class=\"BZ_Pyq_fadeIn\">\u015fekeri <\/span><span class=\"BZ_Pyq_fadeIn\">kullan\u0131larak <\/span><span class=\"BZ_Pyq_fadeIn\">haz\u0131rlanan <\/span><span class=\"BZ_Pyq_fadeIn\">\u00e7ilek <\/span><span class=\"BZ_Pyq_fadeIn\">re\u00e7eli, <\/span><span class=\"BZ_Pyq_fadeIn\">meyvenin <\/span><span class=\"BZ_Pyq_fadeIn\">taze <\/span><span class=\"BZ_Pyq_fadeIn\">tad\u0131n\u0131 <\/span><span class=\"BZ_Pyq_fadeIn\">ve <\/span><span class=\"BZ_Pyq_fadeIn\">aromas\u0131n\u0131 <\/span><span class=\"BZ_Pyq_fadeIn\">korur. <\/span><span class=\"BZ_Pyq_fadeIn\">Yo\u011fun <\/span><span class=\"BZ_Pyq_fadeIn\">\u00e7ilek <\/span><span class=\"BZ_Pyq_fadeIn\">aromas\u0131 <\/span><span class=\"BZ_Pyq_fadeIn\">ve <\/span><span class=\"BZ_Pyq_fadeIn\">dengeli <\/span><span class=\"BZ_Pyq_fadeIn\">tatl\u0131l\u0131\u011f\u0131 <\/span><span class=\"BZ_Pyq_fadeIn\">sayesinde <\/span><span class=\"BZ_Pyq_fadeIn\">ekmek, <\/span><span class=\"BZ_Pyq_fadeIn\">tost <\/span><span class=\"BZ_Pyq_fadeIn\">ve <\/span><span class=\"BZ_Pyq_fadeIn\">kruvasan <\/span><span class=\"BZ_Pyq_fadeIn\">ile <\/span><span class=\"BZ_Pyq_fadeIn\">kahvalt\u0131larda; <\/span><span class=\"BZ_Pyq_fadeIn\">yo\u011furt, <\/span><span class=\"BZ_Pyq_fadeIn\">kaymak <\/span><span class=\"BZ_Pyq_fadeIn\">ve <\/span><span class=\"BZ_Pyq_fadeIn\">tatl\u0131larda <\/span><span class=\"BZ_Pyq_fadeIn\">ise <\/span><span class=\"BZ_Pyq_fadeIn\">tariflerinize <\/span><span class=\"BZ_Pyq_fadeIn\">e\u015fsiz <\/span><span class=\"BZ_Pyq_fadeIn\">bir <\/span><span class=\"BZ_Pyq_fadeIn\">tat <\/span><span class=\"BZ_Pyq_fadeIn\">katar. <\/span><span class=\"BZ_Pyq_fadeIn\">Katk\u0131 <\/span><span class=\"BZ_Pyq_fadeIn\">maddesi <\/span><span class=\"BZ_Pyq_fadeIn\">i\u00e7ermeyen <\/span><span class=\"BZ_Pyq_fadeIn\">re\u00e7el, <\/span><span class=\"BZ_Pyq_fadeIn\">do\u011fal <\/span><span class=\"BZ_Pyq_fadeIn\">ve <\/span><span class=\"BZ_Pyq_fadeIn\">geleneksel <\/span><span class=\"BZ_Pyq_fadeIn\">lezzetleri <\/span><span class=\"BZ_Pyq_fadeIn\">sevenler <\/span><span class=\"BZ_Pyq_fadeIn\">i\u00e7in <\/span><span class=\"BZ_Pyq_fadeIn\">ideal <\/span><span class=\"BZ_Pyq_fadeIn\">bir <\/span><span class=\"BZ_Pyq_fadeIn\">se\u00e7enektir.<\/span><\/p>\n<h3 data-section-id=\"1xbs162\" data-start=\"627\" data-end=\"658\"><span class=\"BZ_Pyq_fadeIn\">\u00c7ilek <\/span><span class=\"BZ_Pyq_fadeIn\">Re\u00e7elinin <\/span><span class=\"BZ_Pyq_fadeIn\">\u00d6zellikleri<\/span><\/h3>\n<ul data-start=\"659\" data-end=\"860\">\n<li data-section-id=\"cuk3ul\" data-start=\"659\" data-end=\"704\">\n<p data-start=\"661\" data-end=\"704\"><span class=\"BZ_Pyq_fadeIn\">\u00d6zenle <\/span><span class=\"BZ_Pyq_fadeIn\">se\u00e7ilen <\/span><span class=\"BZ_Pyq_fadeIn\">taze <\/span><span class=\"BZ_Pyq_fadeIn\">\u00e7ileklerle <\/span><span class=\"BZ_Pyq_fadeIn\">haz\u0131rlan\u0131r<\/span><\/p>\n<\/li>\n<li data-section-id=\"verqfk\" data-start=\"705\" data-end=\"741\">\n<p data-start=\"707\" data-end=\"741\"><span class=\"BZ_Pyq_fadeIn\">Do\u011fal <\/span><span class=\"BZ_Pyq_fadeIn\">pancar <\/span><span class=\"BZ_Pyq_fadeIn\">\u015fekeri <\/span><span class=\"BZ_Pyq_fadeIn\">ile <\/span><span class=\"BZ_Pyq_fadeIn\">\u00fcretilir<\/span><\/p>\n<\/li>\n<li data-section-id=\"1o019nf\" data-start=\"742\" data-end=\"785\">\n<p data-start=\"744\" data-end=\"785\"><span class=\"BZ_Pyq_fadeIn\">Yo\u011fun <\/span><span class=\"BZ_Pyq_fadeIn\">meyve <\/span><span class=\"BZ_Pyq_fadeIn\">aromas\u0131 <\/span><span class=\"BZ_Pyq_fadeIn\">ve <\/span><span class=\"BZ_Pyq_fadeIn\">dengeli <\/span><span class=\"BZ_Pyq_fadeIn\">tatl\u0131l\u0131k<\/span><\/p>\n<\/li>\n<li data-section-id=\"18ppd5w\" data-start=\"786\" data-end=\"834\">\n<p data-start=\"788\" data-end=\"834\"><span class=\"BZ_Pyq_fadeIn\">Kahvalt\u0131lar <\/span><span class=\"BZ_Pyq_fadeIn\">ve <\/span><span class=\"BZ_Pyq_fadeIn\">tatl\u0131 <\/span><span class=\"BZ_Pyq_fadeIn\">tarifleri <\/span><span class=\"BZ_Pyq_fadeIn\">i\u00e7in <\/span><span class=\"BZ_Pyq_fadeIn\">uygundur<\/span><\/p>\n<\/li>\n<li data-section-id=\"sdlg8k\" data-start=\"835\" data-end=\"860\">\n<p data-start=\"837\" data-end=\"860\"><span class=\"BZ_Pyq_fadeIn\">Katk\u0131 <\/span><span class=\"BZ_Pyq_fadeIn\">maddesi <\/span><span class=\"BZ_Pyq_fadeIn\">i\u00e7ermez<\/span><\/p>\n<\/li>\n<\/ul>\n<p data-start=\"862\" data-end=\"979\"><span class=\"BZ_Pyq_fadeIn\">Do\u011fal <\/span><span class=\"BZ_Pyq_fadeIn\">aromas\u0131 <\/span><span class=\"BZ_Pyq_fadeIn\">ve <\/span><span class=\"BZ_Pyq_fadeIn\">geleneksel <\/span><span class=\"BZ_Pyq_fadeIn\">y\u00f6ntemlerle <\/span><span class=\"BZ_Pyq_fadeIn\">haz\u0131rlanan <\/span><span class=\"BZ_Pyq_fadeIn\">\u00e7ilek <\/span><span class=\"BZ_Pyq_fadeIn\">re\u00e7eli, <\/span><span class=\"BZ_Pyq_fadeIn\">kahvalt\u0131 <\/span><span class=\"BZ_Pyq_fadeIn\">sofralar\u0131na <\/span><span class=\"BZ_Pyq_fadeIn\">hem <\/span><span class=\"BZ_Pyq_fadeIn\">lezzet <\/span><span class=\"BZ_Pyq_fadeIn\">hem <\/span><span class=\"BZ_Pyq_fadeIn\">de <\/span><span class=\"BZ_Pyq_fadeIn\">renk <\/span><span class=\"BZ_Pyq_fadeIn\">katar.<\/span><\/p>\n","protected":false},"excerpt":{"rendered":"<p>\u00c7ilek Re\u00e7eli \u2013 Taptaze ve Geleneksel Lezzet \u00c7ilek re\u00e7eli, taze \u00e7ileklerin \u00f6zenle se\u00e7ilerek do\u011fal pancar \u015fekeri ile kaynat\u0131lmas\u0131yla haz\u0131rlanan klasik bir re\u00e7el \u00e7e\u015fididir. Kendine \u00f6zg\u00fc tatl\u0131 ve aromatik lezzetiyle kahvalt\u0131 sofralar\u0131na renk ve lezzet katar. Do\u011fal pancar \u015fekeri kullan\u0131larak haz\u0131rlanan \u00e7ilek re\u00e7eli, meyvenin taze tad\u0131n\u0131 ve aromas\u0131n\u0131 korur. Yo\u011fun \u00e7ilek aromas\u0131 ve dengeli tatl\u0131l\u0131\u011f\u0131 sayesinde<\/p>\n<div class=\"klb-readmore button\"><a class=\"btn link\" href=\"https:\/\/egecarsisi.nl\/index.php\/urun\/cilek-receli-750-gr\/\">Read More <i class=\"klbth-icon-right-arrow\"><\/i><\/a><\/div>\n","protected":false},"featured_media":4854,"comment_status":"open","ping_status":"closed","template":"","meta":[],"product_brand":[],"product_cat":[78,106],"product_tag":[],"class_list":{"0":"post-4535","1":"product","2":"type-product","3":"status-publish","4":"has-post-thumbnail","6":"product_cat-kahvaltilik-cesitleri","7":"product_cat-receller","9":"first","10":"instock","11":"shipping-taxable","12":"purchasable","13":"product-type-simple"},"_links":{"self":[{"href":"https:\/\/egecarsisi.nl\/index.php\/wp-json\/wp\/v2\/product\/4535","targetHints":{"allow":["GET"]}}],"collection":[{"href":"https:\/\/egecarsisi.nl\/index.php\/wp-json\/wp\/v2\/product"}],"about":[{"href":"https:\/\/egecarsisi.nl\/index.php\/wp-json\/wp\/v2\/types\/product"}],"replies":[{"embeddable":true,"href":"https:\/\/egecarsisi.nl\/index.php\/wp-json\/wp\/v2\/comments?post=4535"}],"version-history":[{"count":2,"href":"https:\/\/egecarsisi.nl\/index.php\/wp-json\/wp\/v2\/product\/4535\/revisions"}],"predecessor-version":[{"id":6788,"href":"https:\/\/egecarsisi.nl\/index.php\/wp-json\/wp\/v2\/product\/4535\/revisions\/6788"}],"wp:featuredmedia":[{"embeddable":true,"href":"https:\/\/egecarsisi.nl\/index.php\/wp-json\/wp\/v2\/media\/4854"}],"wp:attachment":[{"href":"https:\/\/egecarsisi.nl\/index.php\/wp-json\/wp\/v2\/media?parent=4535"}],"wp:term":[{"taxonomy":"product_brand","embeddable":true,"href":"https:\/\/egecarsisi.nl\/index.php\/wp-json\/wp\/v2\/product_brand?post=4535"},{"taxonomy":"product_cat","embeddable":true,"href":"https:\/\/egecarsisi.nl\/index.php\/wp-json\/wp\/v2\/product_cat?post=4535"},{"taxonomy":"product_tag","embeddable":true,"href":"https:\/\/egecarsisi.nl\/index.php\/wp-json\/wp\/v2\/product_tag?post=4535"}],"curies":[{"name":"wp","href":"https:\/\/api.w.org\/{rel}","templated":true}]}}