{"id":4556,"date":"2025-05-09T17:10:10","date_gmt":"2025-05-09T17:10:10","guid":{"rendered":"https:\/\/egecarsisi.nl\/?post_type=product&#038;p=4556"},"modified":"2026-03-15T10:41:41","modified_gmt":"2026-03-15T10:41:41","slug":"turunc-receli-750-gr","status":"publish","type":"product","link":"https:\/\/egecarsisi.nl\/index.php\/urun\/turunc-receli-750-gr\/","title":{"rendered":"TURUN\u00c7 RE\u00c7EL\u0130 (750 GR)"},"content":{"rendered":"<p data-start=\"0\" data-end=\"54\"><strong data-start=\"0\" data-end=\"52\"><span class=\"BZ_Pyq_fadeIn\">Turun\u00e7 <\/span><span class=\"BZ_Pyq_fadeIn\">Re\u00e7eli \u2013 <\/span><span class=\"BZ_Pyq_fadeIn\">Geleneksel <\/span><span class=\"BZ_Pyq_fadeIn\">ve <\/span><span class=\"BZ_Pyq_fadeIn\">Ferahlat\u0131c\u0131 <\/span><span class=\"BZ_Pyq_fadeIn\">Lezzet<\/span><\/strong><\/p>\n<p data-start=\"56\" data-end=\"346\"><span class=\"BZ_Pyq_fadeIn\">Turun\u00e7 <\/span><span class=\"BZ_Pyq_fadeIn\">re\u00e7eli, <\/span><span class=\"BZ_Pyq_fadeIn\">kendine <\/span><span class=\"BZ_Pyq_fadeIn\">\u00f6zg\u00fc <\/span><span class=\"BZ_Pyq_fadeIn\">aromas\u0131 <\/span><span class=\"BZ_Pyq_fadeIn\">ve <\/span><span class=\"BZ_Pyq_fadeIn\">hafif <\/span><span class=\"BZ_Pyq_fadeIn\">ek\u015fimsi <\/span><span class=\"BZ_Pyq_fadeIn\">tad\u0131yla <\/span><span class=\"BZ_Pyq_fadeIn\">kahvalt\u0131 <\/span><span class=\"BZ_Pyq_fadeIn\">sofralar\u0131n\u0131n <\/span><span class=\"BZ_Pyq_fadeIn\">vazge\u00e7ilmez <\/span><span class=\"BZ_Pyq_fadeIn\">re\u00e7ellerinden <\/span><span class=\"BZ_Pyq_fadeIn\">biridir. <\/span><span class=\"BZ_Pyq_fadeIn\">\u00d6zenle <\/span><span class=\"BZ_Pyq_fadeIn\">se\u00e7ilen <\/span><span class=\"BZ_Pyq_fadeIn\">olgun <\/span><span class=\"BZ_Pyq_fadeIn\">turun\u00e7 <\/span><span class=\"BZ_Pyq_fadeIn\">meyveleri, <\/span><span class=\"BZ_Pyq_fadeIn\">do\u011fal <\/span><span class=\"BZ_Pyq_fadeIn\">pancar <\/span><span class=\"BZ_Pyq_fadeIn\">\u015fekeri <\/span><span class=\"BZ_Pyq_fadeIn\">ile <\/span><span class=\"BZ_Pyq_fadeIn\">kaynat\u0131larak <\/span><span class=\"BZ_Pyq_fadeIn\">haz\u0131rlanan <\/span><span class=\"BZ_Pyq_fadeIn\">bu <\/span><span class=\"BZ_Pyq_fadeIn\">\u00f6zel <\/span><span class=\"BZ_Pyq_fadeIn\">re\u00e7el, <\/span><span class=\"BZ_Pyq_fadeIn\">yo\u011fun <\/span><span class=\"BZ_Pyq_fadeIn\">aromas\u0131 <\/span><span class=\"BZ_Pyq_fadeIn\">ve <\/span><span class=\"BZ_Pyq_fadeIn\">dengeli <\/span><span class=\"BZ_Pyq_fadeIn\">k\u0131vam\u0131yla <\/span><span class=\"BZ_Pyq_fadeIn\">sofralara <\/span><span class=\"BZ_Pyq_fadeIn\">e\u015fsiz <\/span><span class=\"BZ_Pyq_fadeIn\">bir <\/span><span class=\"BZ_Pyq_fadeIn\">lezzet <\/span><span class=\"BZ_Pyq_fadeIn\">katar.<\/span><\/p>\n<p data-start=\"348\" data-end=\"669\"><span class=\"BZ_Pyq_fadeIn\">Do\u011fal <\/span><span class=\"BZ_Pyq_fadeIn\">pancar <\/span><span class=\"BZ_Pyq_fadeIn\">\u015fekeri <\/span><span class=\"BZ_Pyq_fadeIn\">kullan\u0131larak <\/span><span class=\"BZ_Pyq_fadeIn\">haz\u0131rlanan <\/span><span class=\"BZ_Pyq_fadeIn\">turun\u00e7 <\/span><span class=\"BZ_Pyq_fadeIn\">re\u00e7eli, <\/span><span class=\"BZ_Pyq_fadeIn\">meyvenin <\/span><span class=\"BZ_Pyq_fadeIn\">do\u011fal <\/span><span class=\"BZ_Pyq_fadeIn\">tad\u0131n\u0131 <\/span><span class=\"BZ_Pyq_fadeIn\">ve <\/span><span class=\"BZ_Pyq_fadeIn\">aromas\u0131n\u0131 <\/span><span class=\"BZ_Pyq_fadeIn\">korur. <\/span><span class=\"BZ_Pyq_fadeIn\">Hafif <\/span><span class=\"BZ_Pyq_fadeIn\">ek\u015fi <\/span><span class=\"BZ_Pyq_fadeIn\">ve <\/span><span class=\"BZ_Pyq_fadeIn\">aromatik <\/span><span class=\"BZ_Pyq_fadeIn\">yap\u0131s\u0131 <\/span><span class=\"BZ_Pyq_fadeIn\">sayesinde <\/span><span class=\"BZ_Pyq_fadeIn\">hem <\/span><span class=\"BZ_Pyq_fadeIn\">kahvalt\u0131larda <\/span><span class=\"BZ_Pyq_fadeIn\">ekmekle <\/span><span class=\"BZ_Pyq_fadeIn\">hem <\/span><span class=\"BZ_Pyq_fadeIn\">de <\/span><span class=\"BZ_Pyq_fadeIn\">tatl\u0131 <\/span><span class=\"BZ_Pyq_fadeIn\">tariflerinde <\/span><span class=\"BZ_Pyq_fadeIn\">keyifle <\/span><span class=\"BZ_Pyq_fadeIn\">t\u00fcketilebilir. <\/span><span class=\"BZ_Pyq_fadeIn\">Katk\u0131 <\/span><span class=\"BZ_Pyq_fadeIn\">maddesi <\/span><span class=\"BZ_Pyq_fadeIn\">i\u00e7ermeyen <\/span><span class=\"BZ_Pyq_fadeIn\">re\u00e7el, <\/span><span class=\"BZ_Pyq_fadeIn\">geleneksel <\/span><span class=\"BZ_Pyq_fadeIn\">ve <\/span><span class=\"BZ_Pyq_fadeIn\">do\u011fal <\/span><span class=\"BZ_Pyq_fadeIn\">lezzetleri <\/span><span class=\"BZ_Pyq_fadeIn\">tercih <\/span><span class=\"BZ_Pyq_fadeIn\">edenler <\/span><span class=\"BZ_Pyq_fadeIn\">i\u00e7in <\/span><span class=\"BZ_Pyq_fadeIn\">ideal <\/span><span class=\"BZ_Pyq_fadeIn\">bir <\/span><span class=\"BZ_Pyq_fadeIn\">se\u00e7enektir.<\/span><\/p>\n<p data-start=\"671\" data-end=\"877\"><span class=\"BZ_Pyq_fadeIn\">Turun\u00e7 <\/span><span class=\"BZ_Pyq_fadeIn\">re\u00e7eli; <\/span><span class=\"BZ_Pyq_fadeIn\">ekmek, <\/span><span class=\"BZ_Pyq_fadeIn\">tost <\/span><span class=\"BZ_Pyq_fadeIn\">ve <\/span><span class=\"BZ_Pyq_fadeIn\">kruvasan <\/span><span class=\"BZ_Pyq_fadeIn\">ile <\/span><span class=\"BZ_Pyq_fadeIn\">t\u00fcketilebildi\u011fi <\/span><span class=\"BZ_Pyq_fadeIn\">gibi <\/span><span class=\"BZ_Pyq_fadeIn\">kaymak, <\/span><span class=\"BZ_Pyq_fadeIn\">yo\u011furt <\/span><span class=\"BZ_Pyq_fadeIn\">ve <\/span><span class=\"BZ_Pyq_fadeIn\">pasta <\/span><span class=\"BZ_Pyq_fadeIn\">tariflerinde <\/span><span class=\"BZ_Pyq_fadeIn\">de <\/span><span class=\"BZ_Pyq_fadeIn\">kullan\u0131labilir. <\/span><span class=\"BZ_Pyq_fadeIn\">Kendine <\/span><span class=\"BZ_Pyq_fadeIn\">\u00f6zg\u00fc <\/span><span class=\"BZ_Pyq_fadeIn\">aromas\u0131 <\/span><span class=\"BZ_Pyq_fadeIn\">ve <\/span><span class=\"BZ_Pyq_fadeIn\">canl\u0131 <\/span><span class=\"BZ_Pyq_fadeIn\">rengi <\/span><span class=\"BZ_Pyq_fadeIn\">ile <\/span><span class=\"BZ_Pyq_fadeIn\">sofralara <\/span><span class=\"BZ_Pyq_fadeIn\">hem <\/span><span class=\"BZ_Pyq_fadeIn\">lezzet <\/span><span class=\"BZ_Pyq_fadeIn\">hem <\/span><span class=\"BZ_Pyq_fadeIn\">de <\/span><span class=\"BZ_Pyq_fadeIn\">g\u00f6rsellik <\/span><span class=\"BZ_Pyq_fadeIn\">katar.<\/span><\/p>\n<h3 data-section-id=\"1i0j7ex\" data-start=\"879\" data-end=\"911\"><span class=\"BZ_Pyq_fadeIn\">Turun\u00e7 <\/span><span class=\"BZ_Pyq_fadeIn\">Re\u00e7elinin <\/span><span class=\"BZ_Pyq_fadeIn\">\u00d6zellikleri<\/span><\/h3>\n<ul data-start=\"912\" data-end=\"1107\">\n<li data-section-id=\"dgdlg6\" data-start=\"912\" data-end=\"962\">\n<p data-start=\"914\" data-end=\"962\"><span class=\"BZ_Pyq_fadeIn\">\u00d6zenle <\/span><span class=\"BZ_Pyq_fadeIn\">se\u00e7ilen <\/span><span class=\"BZ_Pyq_fadeIn\">turun\u00e7 <\/span><span class=\"BZ_Pyq_fadeIn\">meyveleri <\/span><span class=\"BZ_Pyq_fadeIn\">ile <\/span><span class=\"BZ_Pyq_fadeIn\">haz\u0131rlan\u0131r<\/span><\/p>\n<\/li>\n<li data-section-id=\"verqfk\" data-start=\"963\" data-end=\"999\">\n<p data-start=\"965\" data-end=\"999\"><span class=\"BZ_Pyq_fadeIn\">Do\u011fal <\/span><span class=\"BZ_Pyq_fadeIn\">pancar <\/span><span class=\"BZ_Pyq_fadeIn\">\u015fekeri <\/span><span class=\"BZ_Pyq_fadeIn\">ile <\/span><span class=\"BZ_Pyq_fadeIn\">\u00fcretilir<\/span><\/p>\n<\/li>\n<li data-section-id=\"v2od8x\" data-start=\"1000\" data-end=\"1032\">\n<p data-start=\"1002\" data-end=\"1032\"><span class=\"BZ_Pyq_fadeIn\">Yo\u011fun <\/span><span class=\"BZ_Pyq_fadeIn\">aroma <\/span><span class=\"BZ_Pyq_fadeIn\">ve <\/span><span class=\"BZ_Pyq_fadeIn\">dengeli <\/span><span class=\"BZ_Pyq_fadeIn\">k\u0131vam<\/span><\/p>\n<\/li>\n<li data-section-id=\"18ppd5w\" data-start=\"1033\" data-end=\"1081\">\n<p data-start=\"1035\" data-end=\"1081\"><span class=\"BZ_Pyq_fadeIn\">Kahvalt\u0131lar <\/span><span class=\"BZ_Pyq_fadeIn\">ve <\/span><span class=\"BZ_Pyq_fadeIn\">tatl\u0131 <\/span><span class=\"BZ_Pyq_fadeIn\">tarifleri <\/span><span class=\"BZ_Pyq_fadeIn\">i\u00e7in <\/span><span class=\"BZ_Pyq_fadeIn\">uygundur<\/span><\/p>\n<\/li>\n<li data-section-id=\"sdlg8k\" data-start=\"1082\" data-end=\"1107\">\n<p data-start=\"1084\" data-end=\"1107\"><span class=\"BZ_Pyq_fadeIn\">Katk\u0131 <\/span><span class=\"BZ_Pyq_fadeIn\">maddesi <\/span><span class=\"BZ_Pyq_fadeIn\">i\u00e7ermez<\/span><\/p>\n<\/li>\n<\/ul>\n<p data-start=\"1109\" data-end=\"1229\"><span class=\"BZ_Pyq_fadeIn\">Do\u011fal <\/span><span class=\"BZ_Pyq_fadeIn\">aromas\u0131 <\/span><span class=\"BZ_Pyq_fadeIn\">ve <\/span><span class=\"BZ_Pyq_fadeIn\">geleneksel <\/span><span class=\"BZ_Pyq_fadeIn\">lezzeti <\/span><span class=\"BZ_Pyq_fadeIn\">ile <\/span><span class=\"BZ_Pyq_fadeIn\">haz\u0131rlanan <\/span><span class=\"BZ_Pyq_fadeIn\">turun\u00e7 <\/span><span class=\"BZ_Pyq_fadeIn\">re\u00e7eli, <\/span><span class=\"BZ_Pyq_fadeIn\">sofralara <\/span><span class=\"BZ_Pyq_fadeIn\">hem <\/span><span class=\"BZ_Pyq_fadeIn\">ferahlat\u0131c\u0131 <\/span><span class=\"BZ_Pyq_fadeIn\">hem <\/span><span class=\"BZ_Pyq_fadeIn\">de <\/span><span class=\"BZ_Pyq_fadeIn\">\u00f6zel <\/span><span class=\"BZ_Pyq_fadeIn\">bir <\/span><span class=\"BZ_Pyq_fadeIn\">tat <\/span><span class=\"BZ_Pyq_fadeIn\">katar.<\/span><\/p>\n","protected":false},"excerpt":{"rendered":"<p>Turun\u00e7 Re\u00e7eli \u2013 Geleneksel ve Ferahlat\u0131c\u0131 Lezzet Turun\u00e7 re\u00e7eli, kendine \u00f6zg\u00fc aromas\u0131 ve hafif ek\u015fimsi tad\u0131yla kahvalt\u0131 sofralar\u0131n\u0131n vazge\u00e7ilmez re\u00e7ellerinden biridir. \u00d6zenle se\u00e7ilen olgun turun\u00e7 meyveleri, do\u011fal pancar \u015fekeri ile kaynat\u0131larak haz\u0131rlanan bu \u00f6zel re\u00e7el, yo\u011fun aromas\u0131 ve dengeli k\u0131vam\u0131yla sofralara e\u015fsiz bir lezzet katar. Do\u011fal pancar \u015fekeri kullan\u0131larak haz\u0131rlanan turun\u00e7 re\u00e7eli, meyvenin do\u011fal tad\u0131n\u0131<\/p>\n<div class=\"klb-readmore button\"><a class=\"btn link\" href=\"https:\/\/egecarsisi.nl\/index.php\/urun\/turunc-receli-750-gr\/\">Read More <i class=\"klbth-icon-right-arrow\"><\/i><\/a><\/div>\n","protected":false},"featured_media":5082,"comment_status":"open","ping_status":"closed","template":"","meta":[],"product_brand":[],"product_cat":[78,106],"product_tag":[],"class_list":{"0":"post-4556","1":"product","2":"type-product","3":"status-publish","4":"has-post-thumbnail","6":"product_cat-kahvaltilik-cesitleri","7":"product_cat-receller","9":"first","10":"instock","11":"shipping-taxable","12":"purchasable","13":"product-type-simple"},"_links":{"self":[{"href":"https:\/\/egecarsisi.nl\/index.php\/wp-json\/wp\/v2\/product\/4556","targetHints":{"allow":["GET"]}}],"collection":[{"href":"https:\/\/egecarsisi.nl\/index.php\/wp-json\/wp\/v2\/product"}],"about":[{"href":"https:\/\/egecarsisi.nl\/index.php\/wp-json\/wp\/v2\/types\/product"}],"replies":[{"embeddable":true,"href":"https:\/\/egecarsisi.nl\/index.php\/wp-json\/wp\/v2\/comments?post=4556"}],"version-history":[{"count":2,"href":"https:\/\/egecarsisi.nl\/index.php\/wp-json\/wp\/v2\/product\/4556\/revisions"}],"predecessor-version":[{"id":6786,"href":"https:\/\/egecarsisi.nl\/index.php\/wp-json\/wp\/v2\/product\/4556\/revisions\/6786"}],"wp:featuredmedia":[{"embeddable":true,"href":"https:\/\/egecarsisi.nl\/index.php\/wp-json\/wp\/v2\/media\/5082"}],"wp:attachment":[{"href":"https:\/\/egecarsisi.nl\/index.php\/wp-json\/wp\/v2\/media?parent=4556"}],"wp:term":[{"taxonomy":"product_brand","embeddable":true,"href":"https:\/\/egecarsisi.nl\/index.php\/wp-json\/wp\/v2\/product_brand?post=4556"},{"taxonomy":"product_cat","embeddable":true,"href":"https:\/\/egecarsisi.nl\/index.php\/wp-json\/wp\/v2\/product_cat?post=4556"},{"taxonomy":"product_tag","embeddable":true,"href":"https:\/\/egecarsisi.nl\/index.php\/wp-json\/wp\/v2\/product_tag?post=4556"}],"curies":[{"name":"wp","href":"https:\/\/api.w.org\/{rel}","templated":true}]}}