{"id":4571,"date":"2025-05-09T17:12:48","date_gmt":"2025-05-09T17:12:48","guid":{"rendered":"https:\/\/egecarsisi.nl\/?post_type=product&#038;p=4571"},"modified":"2026-04-07T07:29:57","modified_gmt":"2026-04-07T07:29:57","slug":"kizilcik-marmelati-750-gr","status":"publish","type":"product","link":"https:\/\/egecarsisi.nl\/index.php\/urun\/kizilcik-marmelati-750-gr\/","title":{"rendered":"KIZILCIK MARMELATI (750 GR)"},"content":{"rendered":"<p data-start=\"0\" data-end=\"62\"><strong data-start=\"0\" data-end=\"62\"><span class=\"BZ_Pyq_fadeIn\">K\u0131z\u0131lc\u0131k <\/span><span class=\"BZ_Pyq_fadeIn\">Marmelat\u0131 \u2013 <\/span><span class=\"BZ_Pyq_fadeIn\">Yo\u011fun <\/span><span class=\"BZ_Pyq_fadeIn\">Meyve <\/span><span class=\"BZ_Pyq_fadeIn\">Aromal\u0131 <\/span><span class=\"BZ_Pyq_fadeIn\">Geleneksel <\/span><span class=\"BZ_Pyq_fadeIn\">Lezzet<\/span><\/strong><\/p>\n<p data-start=\"64\" data-end=\"375\"><span class=\"BZ_Pyq_fadeIn\">K\u0131z\u0131lc\u0131k <\/span><span class=\"BZ_Pyq_fadeIn\">marmelat\u0131, <\/span><span class=\"BZ_Pyq_fadeIn\">kendine <\/span><span class=\"BZ_Pyq_fadeIn\">\u00f6zg\u00fc <\/span><span class=\"BZ_Pyq_fadeIn\">ek\u015fimsi <\/span><span class=\"BZ_Pyq_fadeIn\">ve <\/span><span class=\"BZ_Pyq_fadeIn\">ferah <\/span><span class=\"BZ_Pyq_fadeIn\">aromas\u0131yla <\/span><span class=\"BZ_Pyq_fadeIn\">en <\/span><span class=\"BZ_Pyq_fadeIn\">sevilen <\/span><span class=\"BZ_Pyq_fadeIn\">geleneksel <\/span><span class=\"BZ_Pyq_fadeIn\">marmelat <\/span><span class=\"BZ_Pyq_fadeIn\">\u00e7e\u015fitlerinden <\/span><span class=\"BZ_Pyq_fadeIn\">biridir. <\/span><span class=\"BZ_Pyq_fadeIn\">\u00d6zenle <\/span><span class=\"BZ_Pyq_fadeIn\">se\u00e7ilen <\/span><span class=\"BZ_Pyq_fadeIn\">olgun <\/span><span class=\"BZ_Pyq_fadeIn\">k\u0131z\u0131lc\u0131k <\/span><span class=\"BZ_Pyq_fadeIn\">meyvelerinin <\/span><span class=\"BZ_Pyq_fadeIn\">do\u011fal <\/span><span class=\"BZ_Pyq_fadeIn\">pancar <\/span><span class=\"BZ_Pyq_fadeIn\">\u015fekeri <\/span><span class=\"BZ_Pyq_fadeIn\">ile <\/span><span class=\"BZ_Pyq_fadeIn\">haz\u0131rlanmas\u0131yla <\/span><span class=\"BZ_Pyq_fadeIn\">elde <\/span><span class=\"BZ_Pyq_fadeIn\">edilen <\/span><span class=\"BZ_Pyq_fadeIn\">bu <\/span><span class=\"BZ_Pyq_fadeIn\">marmelat, <\/span><span class=\"BZ_Pyq_fadeIn\">yo\u011fun <\/span><span class=\"BZ_Pyq_fadeIn\">meyve <\/span><span class=\"BZ_Pyq_fadeIn\">aromas\u0131 <\/span><span class=\"BZ_Pyq_fadeIn\">ve <\/span><span class=\"BZ_Pyq_fadeIn\">p\u00fcr\u00fczs\u00fcz <\/span><span class=\"BZ_Pyq_fadeIn\">k\u0131vam\u0131 <\/span><span class=\"BZ_Pyq_fadeIn\">ile <\/span><span class=\"BZ_Pyq_fadeIn\">kahvalt\u0131 <\/span><span class=\"BZ_Pyq_fadeIn\">sofralar\u0131na <\/span><span class=\"BZ_Pyq_fadeIn\">farkl\u0131 <\/span><span class=\"BZ_Pyq_fadeIn\">bir <\/span><span class=\"BZ_Pyq_fadeIn\">lezzet <\/span><span class=\"BZ_Pyq_fadeIn\">katar.<\/span><\/p>\n<p data-start=\"377\" data-end=\"627\"><span class=\"BZ_Pyq_fadeIn\">Do\u011fal <\/span><span class=\"BZ_Pyq_fadeIn\">pancar <\/span><span class=\"BZ_Pyq_fadeIn\">\u015fekeri <\/span><span class=\"BZ_Pyq_fadeIn\">kullan\u0131larak <\/span><span class=\"BZ_Pyq_fadeIn\">haz\u0131rlanan <\/span><span class=\"BZ_Pyq_fadeIn\">k\u0131z\u0131lc\u0131k <\/span><span class=\"BZ_Pyq_fadeIn\">marmelat\u0131, <\/span><span class=\"BZ_Pyq_fadeIn\">meyvenin <\/span><span class=\"BZ_Pyq_fadeIn\">do\u011fal <\/span><span class=\"BZ_Pyq_fadeIn\">tad\u0131n\u0131 <\/span><span class=\"BZ_Pyq_fadeIn\">ve <\/span><span class=\"BZ_Pyq_fadeIn\">aromas\u0131n\u0131 <\/span><span class=\"BZ_Pyq_fadeIn\">koruyacak <\/span><span class=\"BZ_Pyq_fadeIn\">\u015fekilde <\/span><span class=\"BZ_Pyq_fadeIn\">\u00fcretilir. <\/span><span class=\"BZ_Pyq_fadeIn\">Dengeli <\/span><span class=\"BZ_Pyq_fadeIn\">tatl\u0131l\u0131k <\/span><span class=\"BZ_Pyq_fadeIn\">ve <\/span><span class=\"BZ_Pyq_fadeIn\">hafif <\/span><span class=\"BZ_Pyq_fadeIn\">ek\u015fi <\/span><span class=\"BZ_Pyq_fadeIn\">aromas\u0131 <\/span><span class=\"BZ_Pyq_fadeIn\">sayesinde <\/span><span class=\"BZ_Pyq_fadeIn\">hem <\/span><span class=\"BZ_Pyq_fadeIn\">kahvalt\u0131larda <\/span><span class=\"BZ_Pyq_fadeIn\">hem <\/span><span class=\"BZ_Pyq_fadeIn\">de <\/span><span class=\"BZ_Pyq_fadeIn\">\u00e7e\u015fitli <\/span><span class=\"BZ_Pyq_fadeIn\">tatl\u0131 <\/span><span class=\"BZ_Pyq_fadeIn\">tariflerinde <\/span><span class=\"BZ_Pyq_fadeIn\">keyifle <\/span><span class=\"BZ_Pyq_fadeIn\">t\u00fcketilebilir.<\/span><\/p>\n<p data-start=\"629\" data-end=\"855\"><span class=\"BZ_Pyq_fadeIn\">K\u0131z\u0131lc\u0131k <\/span><span class=\"BZ_Pyq_fadeIn\">marmelat\u0131; <\/span><span class=\"BZ_Pyq_fadeIn\">ekmek, <\/span><span class=\"BZ_Pyq_fadeIn\">tost <\/span><span class=\"BZ_Pyq_fadeIn\">ve <\/span><span class=\"BZ_Pyq_fadeIn\">kruvasan <\/span><span class=\"BZ_Pyq_fadeIn\">ile <\/span><span class=\"BZ_Pyq_fadeIn\">t\u00fcketilebildi\u011fi <\/span><span class=\"BZ_Pyq_fadeIn\">gibi <\/span><span class=\"BZ_Pyq_fadeIn\">yo\u011furt, <\/span><span class=\"BZ_Pyq_fadeIn\">tatl\u0131 <\/span><span class=\"BZ_Pyq_fadeIn\">ve <\/span><span class=\"BZ_Pyq_fadeIn\">pasta <\/span><span class=\"BZ_Pyq_fadeIn\">tariflerinde <\/span><span class=\"BZ_Pyq_fadeIn\">de <\/span><span class=\"BZ_Pyq_fadeIn\">kullan\u0131labilir. <\/span><span class=\"BZ_Pyq_fadeIn\">Yo\u011fun <\/span><span class=\"BZ_Pyq_fadeIn\">meyve <\/span><span class=\"BZ_Pyq_fadeIn\">aromas\u0131 <\/span><span class=\"BZ_Pyq_fadeIn\">sayesinde <\/span><span class=\"BZ_Pyq_fadeIn\">sofralara <\/span><span class=\"BZ_Pyq_fadeIn\">hem <\/span><span class=\"BZ_Pyq_fadeIn\">renk <\/span><span class=\"BZ_Pyq_fadeIn\">hem <\/span><span class=\"BZ_Pyq_fadeIn\">de <\/span><span class=\"BZ_Pyq_fadeIn\">lezzet <\/span><span class=\"BZ_Pyq_fadeIn\">katan <\/span><span class=\"BZ_Pyq_fadeIn\">\u00f6zel <\/span><span class=\"BZ_Pyq_fadeIn\">bir <\/span><span class=\"BZ_Pyq_fadeIn\">marmelat <\/span><span class=\"BZ_Pyq_fadeIn\">alternatifidir.<\/span><\/p>\n<h3 data-section-id=\"18rebro\" data-start=\"857\" data-end=\"894\"><span class=\"BZ_Pyq_fadeIn\">K\u0131z\u0131lc\u0131k <\/span><span class=\"BZ_Pyq_fadeIn\">Marmelat\u0131n\u0131n <\/span><span class=\"BZ_Pyq_fadeIn\">\u00d6zellikleri<\/span><\/h3>\n<ul data-start=\"895\" data-end=\"1101\">\n<li data-section-id=\"1izwkhp\" data-start=\"895\" data-end=\"947\">\n<p data-start=\"897\" data-end=\"947\"><span class=\"BZ_Pyq_fadeIn\">\u00d6zenle <\/span><span class=\"BZ_Pyq_fadeIn\">se\u00e7ilen <\/span><span class=\"BZ_Pyq_fadeIn\">k\u0131z\u0131lc\u0131k <\/span><span class=\"BZ_Pyq_fadeIn\">meyveleri <\/span><span class=\"BZ_Pyq_fadeIn\">ile <\/span><span class=\"BZ_Pyq_fadeIn\">haz\u0131rlan\u0131r<\/span><\/p>\n<\/li>\n<li data-section-id=\"verqfk\" data-start=\"948\" data-end=\"984\">\n<p data-start=\"950\" data-end=\"984\"><span class=\"BZ_Pyq_fadeIn\">Do\u011fal <\/span><span class=\"BZ_Pyq_fadeIn\">pancar <\/span><span class=\"BZ_Pyq_fadeIn\">\u015fekeri <\/span><span class=\"BZ_Pyq_fadeIn\">ile <\/span><span class=\"BZ_Pyq_fadeIn\">\u00fcretilir<\/span><\/p>\n<\/li>\n<li data-section-id=\"1evwidw\" data-start=\"985\" data-end=\"1026\">\n<p data-start=\"987\" data-end=\"1026\"><span class=\"BZ_Pyq_fadeIn\">Yo\u011fun <\/span><span class=\"BZ_Pyq_fadeIn\">meyve <\/span><span class=\"BZ_Pyq_fadeIn\">aromas\u0131 <\/span><span class=\"BZ_Pyq_fadeIn\">ve <\/span><span class=\"BZ_Pyq_fadeIn\">p\u00fcr\u00fczs\u00fcz <\/span><span class=\"BZ_Pyq_fadeIn\">k\u0131vam<\/span><\/p>\n<\/li>\n<li data-section-id=\"18ppd5w\" data-start=\"1027\" data-end=\"1075\">\n<p data-start=\"1029\" data-end=\"1075\"><span class=\"BZ_Pyq_fadeIn\">Kahvalt\u0131lar <\/span><span class=\"BZ_Pyq_fadeIn\">ve <\/span><span class=\"BZ_Pyq_fadeIn\">tatl\u0131 <\/span><span class=\"BZ_Pyq_fadeIn\">tarifleri <\/span><span class=\"BZ_Pyq_fadeIn\">i\u00e7in <\/span><span class=\"BZ_Pyq_fadeIn\">uygundur<\/span><\/p>\n<\/li>\n<li data-section-id=\"sdlg8k\" data-start=\"1076\" data-end=\"1101\">\n<p data-start=\"1078\" data-end=\"1101\"><span class=\"BZ_Pyq_fadeIn\">Katk\u0131 <\/span><span class=\"BZ_Pyq_fadeIn\">maddesi <\/span><span class=\"BZ_Pyq_fadeIn\">i\u00e7ermez<\/span><\/p>\n<\/li>\n<\/ul>\n<p data-start=\"1103\" data-end=\"1243\"><span class=\"BZ_Pyq_fadeIn\">Do\u011fal <\/span><span class=\"BZ_Pyq_fadeIn\">aromas\u0131 <\/span><span class=\"BZ_Pyq_fadeIn\">ve <\/span><span class=\"BZ_Pyq_fadeIn\">geleneksel <\/span><span class=\"BZ_Pyq_fadeIn\">lezzeti <\/span><span class=\"BZ_Pyq_fadeIn\">ile <\/span><span class=\"BZ_Pyq_fadeIn\">haz\u0131rlanan <\/span><span class=\"BZ_Pyq_fadeIn\">k\u0131z\u0131lc\u0131k <\/span><span class=\"BZ_Pyq_fadeIn\">marmelat\u0131, <\/span><span class=\"BZ_Pyq_fadeIn\">kahvalt\u0131 <\/span><span class=\"BZ_Pyq_fadeIn\">sofralar\u0131na <\/span><span class=\"BZ_Pyq_fadeIn\">hem <\/span><span class=\"BZ_Pyq_fadeIn\">farkl\u0131 <\/span><span class=\"BZ_Pyq_fadeIn\">hem <\/span><span class=\"BZ_Pyq_fadeIn\">de <\/span><span class=\"BZ_Pyq_fadeIn\">lezzetli <\/span><span class=\"BZ_Pyq_fadeIn\">bir <\/span><span class=\"BZ_Pyq_fadeIn\">alternatif <\/span><span class=\"BZ_Pyq_fadeIn\">sunar.<\/span><\/p>\n<p data-start=\"1245\" data-end=\"1446\" data-is-last-node=\"\" data-is-only-node=\"\"><strong data-start=\"1245\" data-end=\"1271\"><span class=\"BZ_Pyq_fadeIn\">SEO <\/span><span class=\"BZ_Pyq_fadeIn\">Anahtar <\/span><span class=\"BZ_Pyq_fadeIn\">Kelimeler:<\/span><\/strong><\/p>\n","protected":false},"excerpt":{"rendered":"<p>K\u0131z\u0131lc\u0131k Marmelat\u0131 \u2013 Yo\u011fun Meyve Aromal\u0131 Geleneksel Lezzet K\u0131z\u0131lc\u0131k marmelat\u0131, kendine \u00f6zg\u00fc ek\u015fimsi ve ferah aromas\u0131yla en sevilen geleneksel marmelat \u00e7e\u015fitlerinden biridir. \u00d6zenle se\u00e7ilen olgun k\u0131z\u0131lc\u0131k meyvelerinin do\u011fal pancar \u015fekeri ile haz\u0131rlanmas\u0131yla elde edilen bu marmelat, yo\u011fun meyve aromas\u0131 ve p\u00fcr\u00fczs\u00fcz k\u0131vam\u0131 ile kahvalt\u0131 sofralar\u0131na farkl\u0131 bir lezzet katar. Do\u011fal pancar \u015fekeri kullan\u0131larak haz\u0131rlanan k\u0131z\u0131lc\u0131k<\/p>\n<div class=\"klb-readmore button\"><a class=\"btn link\" href=\"https:\/\/egecarsisi.nl\/index.php\/urun\/kizilcik-marmelati-750-gr\/\">Read More <i class=\"klbth-icon-right-arrow\"><\/i><\/a><\/div>\n","protected":false},"featured_media":5080,"comment_status":"open","ping_status":"closed","template":"","meta":[],"product_brand":[],"product_cat":[78,106],"product_tag":[],"class_list":{"0":"post-4571","1":"product","2":"type-product","3":"status-publish","4":"has-post-thumbnail","6":"product_cat-kahvaltilik-cesitleri","7":"product_cat-receller","9":"first","10":"instock","11":"shipping-taxable","12":"purchasable","13":"product-type-simple"},"_links":{"self":[{"href":"https:\/\/egecarsisi.nl\/index.php\/wp-json\/wp\/v2\/product\/4571","targetHints":{"allow":["GET"]}}],"collection":[{"href":"https:\/\/egecarsisi.nl\/index.php\/wp-json\/wp\/v2\/product"}],"about":[{"href":"https:\/\/egecarsisi.nl\/index.php\/wp-json\/wp\/v2\/types\/product"}],"replies":[{"embeddable":true,"href":"https:\/\/egecarsisi.nl\/index.php\/wp-json\/wp\/v2\/comments?post=4571"}],"version-history":[{"count":2,"href":"https:\/\/egecarsisi.nl\/index.php\/wp-json\/wp\/v2\/product\/4571\/revisions"}],"predecessor-version":[{"id":6782,"href":"https:\/\/egecarsisi.nl\/index.php\/wp-json\/wp\/v2\/product\/4571\/revisions\/6782"}],"wp:featuredmedia":[{"embeddable":true,"href":"https:\/\/egecarsisi.nl\/index.php\/wp-json\/wp\/v2\/media\/5080"}],"wp:attachment":[{"href":"https:\/\/egecarsisi.nl\/index.php\/wp-json\/wp\/v2\/media?parent=4571"}],"wp:term":[{"taxonomy":"product_brand","embeddable":true,"href":"https:\/\/egecarsisi.nl\/index.php\/wp-json\/wp\/v2\/product_brand?post=4571"},{"taxonomy":"product_cat","embeddable":true,"href":"https:\/\/egecarsisi.nl\/index.php\/wp-json\/wp\/v2\/product_cat?post=4571"},{"taxonomy":"product_tag","embeddable":true,"href":"https:\/\/egecarsisi.nl\/index.php\/wp-json\/wp\/v2\/product_tag?post=4571"}],"curies":[{"name":"wp","href":"https:\/\/api.w.org\/{rel}","templated":true}]}}