{"id":5875,"date":"2026-01-03T22:13:34","date_gmt":"2026-01-03T22:13:34","guid":{"rendered":"https:\/\/egecarsisi.nl\/?post_type=product&#038;p=5875"},"modified":"2026-04-08T22:50:50","modified_gmt":"2026-04-08T22:50:50","slug":"natural-soguk-sikim-zeytin-yagi-ege-bolgesi-10lt","status":"publish","type":"product","link":"https:\/\/egecarsisi.nl\/index.php\/urun\/natural-soguk-sikim-zeytin-yagi-ege-bolgesi-10lt\/","title":{"rendered":"NATURAL SO\u011eUK SIKIM ZEYT\u0130N YA\u011eI -EGE B\u00d6LGES\u0130-(10LT)"},"content":{"rendered":"<h3 data-start=\"77\" data-end=\"144\">\ud83c\udf3f Egeden Gelen So\u011fuk S\u0131k\u0131m S\u0131zma Zeytinya\u011f\u0131 \u2013 Do\u011fal &amp; Katk\u0131s\u0131z<\/h3>\n<p data-start=\"146\" data-end=\"382\">Ege\u2019nin g\u00fcne\u015fiyle olgunla\u015fan zeytinlerden elde edilen <strong data-start=\"200\" data-end=\"235\">so\u011fuk s\u0131k\u0131m s\u0131zma zeytinya\u011f\u0131m\u0131z<\/strong>, tamamen <strong data-start=\"245\" data-end=\"266\">do\u011fal ve katk\u0131s\u0131z<\/strong>d\u0131r. Hafif meyvemsi aromas\u0131yla salatalardan k\u0131zartmalara kadar her yemekte <strong data-start=\"341\" data-end=\"379\">lezzeti ve sa\u011fl\u0131\u011f\u0131 bir arada sunar<\/strong>.<\/p>\n<p data-start=\"384\" data-end=\"483\">\u2714 %100 saf ve do\u011fal<br data-start=\"403\" data-end=\"406\" \/>\u2714 So\u011fuk s\u0131k\u0131m, besin de\u011feri y\u00fcksek<br data-start=\"440\" data-end=\"443\" \/>\u2714 Ege\u2019nin taze zeytinlerinden \u00fcretildi<\/p>\n<p data-start=\"485\" data-end=\"535\"><strong data-start=\"485\" data-end=\"533\">Sofran\u0131za Ege\u2019nin taptaze lezzetini ta\u015f\u0131y\u0131n!<\/strong><\/p>\n","protected":false},"excerpt":{"rendered":"<p>\ud83c\udf3f Egeden Gelen So\u011fuk S\u0131k\u0131m S\u0131zma Zeytinya\u011f\u0131 \u2013 Do\u011fal &amp; Katk\u0131s\u0131z Ege\u2019nin g\u00fcne\u015fiyle olgunla\u015fan zeytinlerden elde edilen so\u011fuk s\u0131k\u0131m s\u0131zma zeytinya\u011f\u0131m\u0131z, tamamen do\u011fal ve katk\u0131s\u0131zd\u0131r. Hafif meyvemsi aromas\u0131yla salatalardan k\u0131zartmalara kadar her yemekte lezzeti ve sa\u011fl\u0131\u011f\u0131 bir arada sunar. \u2714 %100 saf ve do\u011fal\u2714 So\u011fuk s\u0131k\u0131m, besin de\u011feri y\u00fcksek\u2714 Ege\u2019nin taze zeytinlerinden \u00fcretildi Sofran\u0131za Ege\u2019nin<\/p>\n<div class=\"klb-readmore button\"><a class=\"btn link\" href=\"https:\/\/egecarsisi.nl\/index.php\/urun\/natural-soguk-sikim-zeytin-yagi-ege-bolgesi-10lt\/\">Read More <i class=\"klbth-icon-right-arrow\"><\/i><\/a><\/div>\n","protected":false},"featured_media":5876,"comment_status":"open","ping_status":"closed","template":"","meta":[],"product_brand":[],"product_cat":[15,89,97],"product_tag":[],"class_list":{"0":"post-5875","1":"product","2":"type-product","3":"status-publish","4":"has-post-thumbnail","6":"product_cat-firsat-urunler","7":"product_cat-kampanyali-urunler","8":"product_cat-zeytin-zeytinyagi","10":"first","11":"instock","12":"sale","13":"shipping-taxable","14":"purchasable","15":"product-type-simple"},"_links":{"self":[{"href":"https:\/\/egecarsisi.nl\/index.php\/wp-json\/wp\/v2\/product\/5875","targetHints":{"allow":["GET"]}}],"collection":[{"href":"https:\/\/egecarsisi.nl\/index.php\/wp-json\/wp\/v2\/product"}],"about":[{"href":"https:\/\/egecarsisi.nl\/index.php\/wp-json\/wp\/v2\/types\/product"}],"replies":[{"embeddable":true,"href":"https:\/\/egecarsisi.nl\/index.php\/wp-json\/wp\/v2\/comments?post=5875"}],"version-history":[{"count":2,"href":"https:\/\/egecarsisi.nl\/index.php\/wp-json\/wp\/v2\/product\/5875\/revisions"}],"predecessor-version":[{"id":5887,"href":"https:\/\/egecarsisi.nl\/index.php\/wp-json\/wp\/v2\/product\/5875\/revisions\/5887"}],"wp:featuredmedia":[{"embeddable":true,"href":"https:\/\/egecarsisi.nl\/index.php\/wp-json\/wp\/v2\/media\/5876"}],"wp:attachment":[{"href":"https:\/\/egecarsisi.nl\/index.php\/wp-json\/wp\/v2\/media?parent=5875"}],"wp:term":[{"taxonomy":"product_brand","embeddable":true,"href":"https:\/\/egecarsisi.nl\/index.php\/wp-json\/wp\/v2\/product_brand?post=5875"},{"taxonomy":"product_cat","embeddable":true,"href":"https:\/\/egecarsisi.nl\/index.php\/wp-json\/wp\/v2\/product_cat?post=5875"},{"taxonomy":"product_tag","embeddable":true,"href":"https:\/\/egecarsisi.nl\/index.php\/wp-json\/wp\/v2\/product_tag?post=5875"}],"curies":[{"name":"wp","href":"https:\/\/api.w.org\/{rel}","templated":true}]}}