{"id":5906,"date":"2026-01-07T16:43:26","date_gmt":"2026-01-07T16:43:26","guid":{"rendered":"https:\/\/egecarsisi.nl\/?post_type=product&#038;p=5906"},"modified":"2026-01-07T16:44:09","modified_gmt":"2026-01-07T16:44:09","slug":"medine-mebrum-hurma-500-gr","status":"publish","type":"product","link":"https:\/\/egecarsisi.nl\/index.php\/urun\/medine-mebrum-hurma-500-gr\/","title":{"rendered":"Medine Mebrum Hurma 500 Gr"},"content":{"rendered":"<h2 data-start=\"238\" data-end=\"289\">Medine Mebrum Hurmas\u0131 \u2013 Do\u011fal, Etli ve Besleyici<\/h2>\n<p data-start=\"291\" data-end=\"631\"><strong data-start=\"291\" data-end=\"316\">Medine Mebrum Hurmas\u0131<\/strong>, Suudi Arabistan\u2019\u0131n Medine b\u00f6lgesinde yeti\u015fen, iri taneli, etli yap\u0131s\u0131 ve doyurucu \u00f6zelli\u011fiyle \u00f6ne \u00e7\u0131kan \u00f6zel bir hurma \u00e7e\u015fididir. Lif oran\u0131 y\u00fcksek, \u015fekeri dengeli ve aromas\u0131 yo\u011fundur. \u00d6zellikle sa\u011fl\u0131kl\u0131 beslenmeye \u00f6nem verenler ve hurmay\u0131 g\u00fcnl\u00fck enerji kayna\u011f\u0131 olarak t\u00fcketmek isteyenler i\u00e7in ideal bir tercihtir.<\/p>\n<p data-start=\"633\" data-end=\"806\">Do\u011fal y\u00f6ntemlerle yeti\u015ftirilen Medine Mebrum hurmalar\u0131, katk\u0131 maddesi ve koruyucu i\u00e7ermez. Yumu\u015fak-orta sertlikteki dokusu sayesinde \u00e7i\u011fnemesi kolayd\u0131r, uzun s\u00fcre tok tutar.<\/p>\n<h3 data-start=\"813\" data-end=\"856\">\ud83c\udf34 Medine Mebrum Hurmas\u0131n\u0131n \u00d6zellikleri<\/h3>\n<ul data-start=\"857\" data-end=\"1055\">\n<li data-start=\"857\" data-end=\"887\">\n<p data-start=\"859\" data-end=\"887\">\u2714\ufe0f Orijinal Medine men\u015feli<\/p>\n<\/li>\n<li data-start=\"888\" data-end=\"914\">\n<p data-start=\"890\" data-end=\"914\">\u2714\ufe0f \u0130ri ve etli taneler<\/p>\n<\/li>\n<li data-start=\"915\" data-end=\"942\">\n<p data-start=\"917\" data-end=\"942\">\u2714\ufe0f Lif a\u00e7\u0131s\u0131ndan zengin<\/p>\n<\/li>\n<li data-start=\"943\" data-end=\"968\">\n<p data-start=\"945\" data-end=\"968\">\u2714\ufe0f Do\u011fal \u015feker i\u00e7erir<\/p>\n<\/li>\n<li data-start=\"969\" data-end=\"1012\">\n<p data-start=\"971\" data-end=\"1012\">\u2714\ufe0f Katk\u0131 maddesi ve ilave \u015feker i\u00e7ermez<\/p>\n<\/li>\n<li data-start=\"1013\" data-end=\"1055\">\n<p data-start=\"1015\" data-end=\"1055\">\u2714\ufe0f G\u00fcnl\u00fck enerji ihtiyac\u0131na do\u011fal destek<\/p>\n<\/li>\n<\/ul>\n<h3 data-start=\"1062\" data-end=\"1086\">\ud83c\udf7d\ufe0f Nas\u0131l T\u00fcketilir?<\/h3>\n<ul data-start=\"1087\" data-end=\"1261\">\n<li data-start=\"1087\" data-end=\"1120\">\n<p data-start=\"1089\" data-end=\"1120\">Kahvalt\u0131da veya ara \u00f6\u011f\u00fcnlerde<\/p>\n<\/li>\n<li data-start=\"1121\" data-end=\"1177\">\n<p data-start=\"1123\" data-end=\"1177\">Spor \u00f6ncesi veya sonras\u0131 do\u011fal enerji kayna\u011f\u0131 olarak<\/p>\n<\/li>\n<li data-start=\"1178\" data-end=\"1209\">\n<p data-start=\"1180\" data-end=\"1209\">\u0130ftar ve sahur sofralar\u0131nda<\/p>\n<\/li>\n<li data-start=\"1210\" data-end=\"1261\">\n<p data-start=\"1212\" data-end=\"1261\">\u00c7ay ve kahve yan\u0131nda sa\u011fl\u0131kl\u0131 at\u0131\u015ft\u0131rmal\u0131k olarak<\/p>\n<\/li>\n<\/ul>\n<h3 data-start=\"1268\" data-end=\"1289\">\ud83d\udce6 \u00dcr\u00fcn Bilgileri<\/h3>\n<ul data-start=\"1290\" data-end=\"1491\">\n<li data-start=\"1290\" data-end=\"1330\">\n<p data-start=\"1292\" data-end=\"1330\"><strong data-start=\"1292\" data-end=\"1303\">Men\u015fei:<\/strong> Medine \u2013 Suudi Arabistan<\/p>\n<\/li>\n<li data-start=\"1331\" data-end=\"1358\">\n<p data-start=\"1333\" data-end=\"1358\"><strong data-start=\"1333\" data-end=\"1341\">T\u00fcr:<\/strong> Mebrum Hurmas\u0131<\/p>\n<\/li>\n<li data-start=\"1359\" data-end=\"1412\">\n<p data-start=\"1361\" data-end=\"1412\"><strong data-start=\"1361\" data-end=\"1377\">\u0130\u00e7indekiler:<\/strong> %100 do\u011fal Medine Mebrum hurmas\u0131<\/p>\n<\/li>\n<li data-start=\"1413\" data-end=\"1491\">\n<p data-start=\"1415\" data-end=\"1491\"><strong data-start=\"1415\" data-end=\"1437\">Saklama Ko\u015fullar\u0131:<\/strong> Serin, kuru ve g\u00fcne\u015f g\u00f6rmeyen yerde muhafaza ediniz<\/p>\n<\/li>\n<\/ul>\n<h3 data-start=\"1498\" data-end=\"1532\">\u2b50 Neden Medine Mebrum Hurmas\u0131?<\/h3>\n<p data-start=\"1533\" data-end=\"1746\">Medine Mebrum hurmas\u0131; hem lezzeti hem de besin de\u011feriyle en \u00e7ok tercih edilen hurma \u00e7e\u015fitlerinden biridir. G\u00fcnl\u00fck hayat\u0131n\u0131zda do\u011fal, katk\u0131s\u0131z ve doyurucu bir besin ar\u0131yorsan\u0131z Medine Mebrum hurmas\u0131 tam size g\u00f6re<\/p>\n","protected":false},"excerpt":{"rendered":"<p>Medine Mebrum Hurmas\u0131 \u2013 Do\u011fal, Etli ve Besleyici Medine Mebrum Hurmas\u0131, Suudi Arabistan\u2019\u0131n Medine b\u00f6lgesinde yeti\u015fen, iri taneli, etli yap\u0131s\u0131 ve doyurucu \u00f6zelli\u011fiyle \u00f6ne \u00e7\u0131kan \u00f6zel bir hurma \u00e7e\u015fididir. Lif oran\u0131 y\u00fcksek, \u015fekeri dengeli ve aromas\u0131 yo\u011fundur. \u00d6zellikle sa\u011fl\u0131kl\u0131 beslenmeye \u00f6nem verenler ve hurmay\u0131 g\u00fcnl\u00fck enerji kayna\u011f\u0131 olarak t\u00fcketmek isteyenler i\u00e7in ideal bir tercihtir. Do\u011fal<\/p>\n<div class=\"klb-readmore button\"><a class=\"btn link\" href=\"https:\/\/egecarsisi.nl\/index.php\/urun\/medine-mebrum-hurma-500-gr\/\">Read More <i class=\"klbth-icon-right-arrow\"><\/i><\/a><\/div>\n","protected":false},"featured_media":5916,"comment_status":"open","ping_status":"closed","template":"","meta":[],"product_brand":[],"product_cat":[102,101],"product_tag":[],"class_list":{"0":"post-5906","1":"product","2":"type-product","3":"status-publish","4":"has-post-thumbnail","6":"product_cat-kuru-meyveler","7":"product_cat-kuruyemisler","9":"first","10":"instock","11":"sale","12":"shipping-taxable","13":"purchasable","14":"product-type-simple"},"_links":{"self":[{"href":"https:\/\/egecarsisi.nl\/index.php\/wp-json\/wp\/v2\/product\/5906","targetHints":{"allow":["GET"]}}],"collection":[{"href":"https:\/\/egecarsisi.nl\/index.php\/wp-json\/wp\/v2\/product"}],"about":[{"href":"https:\/\/egecarsisi.nl\/index.php\/wp-json\/wp\/v2\/types\/product"}],"replies":[{"embeddable":true,"href":"https:\/\/egecarsisi.nl\/index.php\/wp-json\/wp\/v2\/comments?post=5906"}],"version-history":[{"count":1,"href":"https:\/\/egecarsisi.nl\/index.php\/wp-json\/wp\/v2\/product\/5906\/revisions"}],"predecessor-version":[{"id":5907,"href":"https:\/\/egecarsisi.nl\/index.php\/wp-json\/wp\/v2\/product\/5906\/revisions\/5907"}],"wp:featuredmedia":[{"embeddable":true,"href":"https:\/\/egecarsisi.nl\/index.php\/wp-json\/wp\/v2\/media\/5916"}],"wp:attachment":[{"href":"https:\/\/egecarsisi.nl\/index.php\/wp-json\/wp\/v2\/media?parent=5906"}],"wp:term":[{"taxonomy":"product_brand","embeddable":true,"href":"https:\/\/egecarsisi.nl\/index.php\/wp-json\/wp\/v2\/product_brand?post=5906"},{"taxonomy":"product_cat","embeddable":true,"href":"https:\/\/egecarsisi.nl\/index.php\/wp-json\/wp\/v2\/product_cat?post=5906"},{"taxonomy":"product_tag","embeddable":true,"href":"https:\/\/egecarsisi.nl\/index.php\/wp-json\/wp\/v2\/product_tag?post=5906"}],"curies":[{"name":"wp","href":"https:\/\/api.w.org\/{rel}","templated":true}]}}