{"id":6194,"date":"2026-01-23T21:45:48","date_gmt":"2026-01-23T21:45:48","guid":{"rendered":"https:\/\/egecarsisi.nl\/?post_type=product&#038;p=6194"},"modified":"2026-01-23T21:55:40","modified_gmt":"2026-01-23T21:55:40","slug":"manisa-uc-asma-yapragi-brut-3230-gr","status":"publish","type":"product","link":"https:\/\/egecarsisi.nl\/index.php\/urun\/manisa-uc-asma-yapragi-brut-3230-gr\/","title":{"rendered":"Manisa U\u00e7 Asma Yapra\u011f\u0131 Br\u00fct 3230 gr"},"content":{"rendered":"<p>Do\u011fal Salamura Asma Yapra\u011f\u0131<\/p>\n<p>Geleneksel y\u00f6ntemlerle toplanan, ince damarl\u0131 ve yumu\u015fak dokulu do\u011fal asma yapraklar\u0131, \u00f6zellikle zeytinya\u011fl\u0131 sarma ve dolmalar i\u00e7in idealdir. Mevsiminde \u00f6zenle se\u00e7ilen yapraklar, katk\u0131 maddesi kullan\u0131lmadan salamura edilerek tazeli\u011fi ve aromas\u0131 korunur.<\/p>\n<p>\u0130nce yap\u0131s\u0131 sayesinde kolay sar\u0131l\u0131r, pi\u015firme s\u0131ras\u0131nda da\u011f\u0131lmaz ve dolmalar\u0131n\u0131za e\u015fsiz bir lezzet katar. Ev mutfa\u011f\u0131nda ya da profesyonel kullan\u0131ma uygundur.<\/p>\n<p>\u00d6ne \u00c7\u0131kan \u00d6zellikler<\/p>\n<p>\u0130nce damarl\u0131, yumu\u015fak yaprak<\/p>\n<p>Katk\u0131s\u0131z ve do\u011fal salamura<\/p>\n<p>Sarma ve dolma i\u00e7in ideal<\/p>\n<p>Geleneksel lezzet<\/p>\n<p>Kullan\u0131m \u00d6nerisi:<br \/>\nKullanmadan \u00f6nce yapraklar\u0131 s\u0131cak suda 5\u201310 dakika bekleterek tuzunu alman\u0131z tavsiye edilir.<\/p>\n<p>Saklama Ko\u015fullar\u0131:<br \/>\nSerin ve kuru yerde muhafaza ediniz. A\u00e7\u0131ld\u0131ktan sonra buzdolab\u0131nda saklay\u0131n\u0131z.<\/p>\n","protected":false},"excerpt":{"rendered":"<p>Do\u011fal Salamura Asma Yapra\u011f\u0131 Geleneksel y\u00f6ntemlerle toplanan, ince damarl\u0131 ve yumu\u015fak dokulu do\u011fal asma yapraklar\u0131, \u00f6zellikle zeytinya\u011fl\u0131 sarma ve dolmalar i\u00e7in idealdir. Mevsiminde \u00f6zenle se\u00e7ilen yapraklar, katk\u0131 maddesi kullan\u0131lmadan salamura edilerek tazeli\u011fi ve aromas\u0131 korunur. \u0130nce yap\u0131s\u0131 sayesinde kolay sar\u0131l\u0131r, pi\u015firme s\u0131ras\u0131nda da\u011f\u0131lmaz ve dolmalar\u0131n\u0131za e\u015fsiz bir lezzet katar. Ev mutfa\u011f\u0131nda ya da profesyonel kullan\u0131ma<\/p>\n<div class=\"klb-readmore button\"><a class=\"btn link\" href=\"https:\/\/egecarsisi.nl\/index.php\/urun\/manisa-uc-asma-yapragi-brut-3230-gr\/\">Read More <i class=\"klbth-icon-right-arrow\"><\/i><\/a><\/div>\n","protected":false},"featured_media":6198,"comment_status":"open","ping_status":"closed","template":"","meta":[],"product_brand":[],"product_cat":[244,79],"product_tag":[],"class_list":{"0":"post-6194","1":"product","2":"type-product","3":"status-publish","4":"has-post-thumbnail","6":"product_cat-asma-yapragi","7":"product_cat-yoresel-lezzetler","9":"first","10":"instock","11":"sale","12":"shipping-taxable","13":"purchasable","14":"product-type-simple"},"_links":{"self":[{"href":"https:\/\/egecarsisi.nl\/index.php\/wp-json\/wp\/v2\/product\/6194","targetHints":{"allow":["GET"]}}],"collection":[{"href":"https:\/\/egecarsisi.nl\/index.php\/wp-json\/wp\/v2\/product"}],"about":[{"href":"https:\/\/egecarsisi.nl\/index.php\/wp-json\/wp\/v2\/types\/product"}],"replies":[{"embeddable":true,"href":"https:\/\/egecarsisi.nl\/index.php\/wp-json\/wp\/v2\/comments?post=6194"}],"version-history":[{"count":3,"href":"https:\/\/egecarsisi.nl\/index.php\/wp-json\/wp\/v2\/product\/6194\/revisions"}],"predecessor-version":[{"id":6205,"href":"https:\/\/egecarsisi.nl\/index.php\/wp-json\/wp\/v2\/product\/6194\/revisions\/6205"}],"wp:featuredmedia":[{"embeddable":true,"href":"https:\/\/egecarsisi.nl\/index.php\/wp-json\/wp\/v2\/media\/6198"}],"wp:attachment":[{"href":"https:\/\/egecarsisi.nl\/index.php\/wp-json\/wp\/v2\/media?parent=6194"}],"wp:term":[{"taxonomy":"product_brand","embeddable":true,"href":"https:\/\/egecarsisi.nl\/index.php\/wp-json\/wp\/v2\/product_brand?post=6194"},{"taxonomy":"product_cat","embeddable":true,"href":"https:\/\/egecarsisi.nl\/index.php\/wp-json\/wp\/v2\/product_cat?post=6194"},{"taxonomy":"product_tag","embeddable":true,"href":"https:\/\/egecarsisi.nl\/index.php\/wp-json\/wp\/v2\/product_tag?post=6194"}],"curies":[{"name":"wp","href":"https:\/\/api.w.org\/{rel}","templated":true}]}}